{"id":4317,"date":"2024-08-29T15:00:35","date_gmt":"2024-08-29T15:00:35","guid":{"rendered":"https:\/\/limoservicesmiami.com\/?page_id=4317"},"modified":"2024-08-29T16:20:35","modified_gmt":"2024-08-29T16:20:35","slug":"accessibility-statement","status":"publish","type":"page","link":"https:\/\/limoservicesmiami.com\/es\/accessibility-statement\/","title":{"rendered":"Declaraci\u00f3n de accesibilidad"},"content":{"rendered":"<div class=\"gb-container gb-container-da839f5f\">\n<div class=\"gb-container gb-container-2097a90b\">\n\n<h1 class=\"wp-block-heading\">Declaraci\u00f3n de accesibilidad de limoservicesmiami.com<\/h1>\n\n\n\n<p>Actualizado: Diciembre 2019.<\/p>\n\n\n\n<h2 class=\"wp-block-heading\">General<\/h2>\n\n\n\n<p>limoservicesmiami.com se esfuerza por garantizar que sus servicios sean accesibles para personas con discapacidades. limoservicesmiami.com ha invertido una cantidad significativa de recursos para ayudar a garantizar que su sitio web sea m\u00e1s f\u00e1cil de usar y m\u00e1s accesible para las personas con discapacidades, con la firme creencia de que toda persona tiene derecho a vivir con dignidad, igualdad, comodidad e independencia.<\/p>\n\n\n\n<h2 class=\"wp-block-heading\">Accesibilidad en limoservicesmiami.com<\/h2>\n\n\n\n<p>limoservicesmiami.com pone a su disposici\u00f3n el&nbsp;<a href=\"https:\/\/userway.org\/\">Widget de accesibilidad del sitio web UserWay<\/a>&nbsp;que funciona con un servidor de accesibilidad dedicado. El software permite a limoservicesmiami.com mejorar su cumplimiento con las Pautas de Accesibilidad al Contenido Web (WCAG 2.1).<\/p>\n\n\n\n<h2 class=\"wp-block-heading\">Habilitar el men\u00fa de accesibilidad<\/h2>\n\n\n\n<p>El men\u00fa de accesibilidad de limoservicesmiami.com se puede habilitar haciendo clic en el \u00edcono del men\u00fa de accesibilidad que aparece en la esquina de la p\u00e1gina. Despu\u00e9s de activar el men\u00fa de accesibilidad, espere un momento hasta que se cargue por completo.<\/p>\n\n\n\n<h2 class=\"wp-block-heading\">Descargo de responsabilidad<\/h2>\n\n\n\n<p>limoservicesmiami.com contin\u00faa sus esfuerzos para mejorar constantemente la accesibilidad de su sitio y servicios en la creencia de que es nuestra obligaci\u00f3n moral colectiva permitir un uso fluido, accesible y sin obst\u00e1culos tambi\u00e9n para aquellos de nosotros con discapacidades.<\/p>\n\n\n\n<p>En un esfuerzo continuo por mejorar y remediar continuamente los problemas de accesibilidad, tambi\u00e9n escaneamos peri\u00f3dicamente limoservicesmiami.com con UserWay.&nbsp;<a href=\"https:\/\/userway.org\/scanner\">Esc\u00e1ner de accesibilidad<\/a>&nbsp;Identificar y solucionar todas las posibles barreras de accesibilidad en nuestro sitio. A pesar de nuestros esfuerzos por hacer que todas las p\u00e1ginas y contenidos de limoservicesmiami.com sean completamente accesibles, es posible que algunos contenidos a\u00fan no se hayan adaptado por completo a los est\u00e1ndares de accesibilidad m\u00e1s estrictos. Esto puede deberse a que no se ha encontrado o identificado la soluci\u00f3n tecnol\u00f3gica m\u00e1s adecuada.<\/p>\n\n\n\n<h2 class=\"wp-block-heading\">Aqu\u00ed para ti<\/h2>\n\n\n\n<p>Si tiene dificultades con alg\u00fan contenido de limoservicesmiami.com o necesita ayuda con alguna parte de nuestro sitio, comun\u00edquese con nosotros durante el horario comercial normal como se detalla a continuaci\u00f3n y estaremos encantados de ayudarlo.<\/p>\n\n\n\n<h2 class=\"wp-block-heading\">Cont\u00e1ctenos<\/h2>\n\n\n\n<p>Si desea informar un problema de accesibilidad, tiene alguna pregunta o necesita ayuda, comun\u00edquese con el servicio de atenci\u00f3n al cliente de limoservicesmiami.com de la siguiente manera:<\/p>\n\n\n\n<p>Correo electr\u00f3nico:&nbsp;<a href=\"mailto:info@limoservicesmiami.com\">info@limoservicesmiami.com<\/a><\/p>\n\n<\/div>\n<\/div>","protected":false},"excerpt":{"rendered":"<p>Declaraci\u00f3n de accesibilidad de limoservicesmiami.com Actualizada: diciembre de 2019. General limoservicesmiami.com se esfuerza por garantizar que sus servicios sean accesibles para personas con discapacidades. limoservicesmiami.com ha invertido una cantidad significativa de recursos para ayudar a garantizar que su sitio web sea m\u00e1s f\u00e1cil de usar y m\u00e1s accesible para personas con discapacidades, con la firme creencia de que cada persona tiene el derecho a \u2026 <a title=\"Declaraci\u00f3n de accesibilidad\" class=\"read-more\" href=\"https:\/\/limoservicesmiami.com\/es\/accessibility-statement\/\" aria-label=\"Leer m\u00e1s sobre Declaraci\u00f3n de Accesibilidad\">Leer m\u00e1s<\/a><\/p>","protected":false},"author":2,"featured_media":0,"parent":0,"menu_order":0,"comment_status":"closed","ping_status":"closed","template":"","meta":{"footnotes":""},"class_list":["post-4317","page","type-page","status-publish"],"yoast_head":"<!-- This site is optimized with the Yoast SEO plugin v27.4 - https:\/\/yoast.com\/product\/yoast-seo-wordpress\/ -->\n<title>Accessibility Statement - Limo Services Miami<\/title>\n<meta name=\"robots\" content=\"index, follow, max-snippet:-1, max-image-preview:large, max-video-preview:-1\" \/>\n<link rel=\"canonical\" href=\"https:\/\/limoservicesmiami.com\/es\/accessibility-statement\/\" \/>\n<meta property=\"og:locale\" content=\"es_MX\" \/>\n<meta property=\"og:type\" content=\"article\" \/>\n<meta property=\"og:title\" content=\"Accessibility Statement - Limo Services Miami\" \/>\n<meta property=\"og:description\" content=\"limoservicesmiami.com Accessibility Statement Updated: December 2019. General limoservicesmiami.com strives to ensure that its services are accessible to people with disabilities. limoservicesmiami.com has invested a significant amount of resources to help ensure that its website is made easier to use and more accessible for people with disabilities, with the strong belief that every person has the ... Read more\" \/>\n<meta property=\"og:url\" content=\"https:\/\/limoservicesmiami.com\/es\/accessibility-statement\/\" \/>\n<meta property=\"og:site_name\" content=\"Limo Services Miami\" \/>\n<meta property=\"article:modified_time\" content=\"2024-08-29T16:20:35+00:00\" \/>\n<meta name=\"twitter:card\" content=\"summary_large_image\" \/>\n<meta name=\"twitter:label1\" content=\"Tiempo de lectura\" \/>\n\t<meta name=\"twitter:data1\" content=\"2 minutos\" \/>\n<script type=\"application\/ld+json\" class=\"yoast-schema-graph\">{\"@context\":\"https:\\\/\\\/schema.org\",\"@graph\":[{\"@type\":\"WebPage\",\"@id\":\"https:\\\/\\\/limoservicesmiami.com\\\/accessibility-statement\\\/\",\"url\":\"https:\\\/\\\/limoservicesmiami.com\\\/accessibility-statement\\\/\",\"name\":\"Accessibility Statement - Limo Services Miami\",\"isPartOf\":{\"@id\":\"https:\\\/\\\/limoservicesmiami.com\\\/#website\"},\"datePublished\":\"2024-08-29T15:00:35+00:00\",\"dateModified\":\"2024-08-29T16:20:35+00:00\",\"breadcrumb\":{\"@id\":\"https:\\\/\\\/limoservicesmiami.com\\\/accessibility-statement\\\/#breadcrumb\"},\"inLanguage\":\"es\",\"potentialAction\":[{\"@type\":\"ReadAction\",\"target\":[\"https:\\\/\\\/limoservicesmiami.com\\\/accessibility-statement\\\/\"]}]},{\"@type\":\"BreadcrumbList\",\"@id\":\"https:\\\/\\\/limoservicesmiami.com\\\/accessibility-statement\\\/#breadcrumb\",\"itemListElement\":[{\"@type\":\"ListItem\",\"position\":1,\"name\":\"Home\",\"item\":\"https:\\\/\\\/limoservicesmiami.com\\\/\"},{\"@type\":\"ListItem\",\"position\":2,\"name\":\"Accessibility Statement\"}]},{\"@type\":\"WebSite\",\"@id\":\"https:\\\/\\\/limoservicesmiami.com\\\/#website\",\"url\":\"https:\\\/\\\/limoservicesmiami.com\\\/\",\"name\":\"Limo Services Miami\",\"description\":\"\",\"publisher\":{\"@id\":\"https:\\\/\\\/limoservicesmiami.com\\\/#organization\"},\"potentialAction\":[{\"@type\":\"SearchAction\",\"target\":{\"@type\":\"EntryPoint\",\"urlTemplate\":\"https:\\\/\\\/limoservicesmiami.com\\\/?s={search_term_string}\"},\"query-input\":{\"@type\":\"PropertyValueSpecification\",\"valueRequired\":true,\"valueName\":\"search_term_string\"}}],\"inLanguage\":\"es\"},{\"@type\":\"Organization\",\"@id\":\"https:\\\/\\\/limoservicesmiami.com\\\/#organization\",\"name\":\"Limo Services Miami\",\"url\":\"https:\\\/\\\/limoservicesmiami.com\\\/\",\"logo\":{\"@type\":\"ImageObject\",\"inLanguage\":\"es\",\"@id\":\"https:\\\/\\\/limoservicesmiami.com\\\/#\\\/schema\\\/logo\\\/image\\\/\",\"url\":\"https:\\\/\\\/limoservicesmiami.com\\\/wp-content\\\/uploads\\\/2024\\\/06\\\/limo-services-miami-logo-square.webp\",\"contentUrl\":\"https:\\\/\\\/limoservicesmiami.com\\\/wp-content\\\/uploads\\\/2024\\\/06\\\/limo-services-miami-logo-square.webp\",\"width\":512,\"height\":512,\"caption\":\"Limo Services Miami\"},\"image\":{\"@id\":\"https:\\\/\\\/limoservicesmiami.com\\\/#\\\/schema\\\/logo\\\/image\\\/\"}}]}<\/script>\n<!-- \/ Yoast SEO plugin. -->","yoast_head_json":{"title":"Declaraci\u00f3n de accesibilidad - Servicios de limusina en Miami","robots":{"index":"index","follow":"follow","max-snippet":"max-snippet:-1","max-image-preview":"max-image-preview:large","max-video-preview":"max-video-preview:-1"},"canonical":"https:\/\/limoservicesmiami.com\/es\/accessibility-statement\/","og_locale":"es_MX","og_type":"article","og_title":"Accessibility Statement - Limo Services Miami","og_description":"limoservicesmiami.com Accessibility Statement Updated: December 2019. General limoservicesmiami.com strives to ensure that its services are accessible to people with disabilities. limoservicesmiami.com has invested a significant amount of resources to help ensure that its website is made easier to use and more accessible for people with disabilities, with the strong belief that every person has the ... Read more","og_url":"https:\/\/limoservicesmiami.com\/es\/accessibility-statement\/","og_site_name":"Limo Services Miami","article_modified_time":"2024-08-29T16:20:35+00:00","twitter_card":"summary_large_image","twitter_misc":{"Tiempo de lectura":"2 minutos"},"schema":{"@context":"https:\/\/schema.org","@graph":[{"@type":"WebPage","@id":"https:\/\/limoservicesmiami.com\/accessibility-statement\/","url":"https:\/\/limoservicesmiami.com\/accessibility-statement\/","name":"Declaraci\u00f3n de accesibilidad - Servicios de limusina en Miami","isPartOf":{"@id":"https:\/\/limoservicesmiami.com\/#website"},"datePublished":"2024-08-29T15:00:35+00:00","dateModified":"2024-08-29T16:20:35+00:00","breadcrumb":{"@id":"https:\/\/limoservicesmiami.com\/accessibility-statement\/#breadcrumb"},"inLanguage":"es","potentialAction":[{"@type":"ReadAction","target":["https:\/\/limoservicesmiami.com\/accessibility-statement\/"]}]},{"@type":"BreadcrumbList","@id":"https:\/\/limoservicesmiami.com\/accessibility-statement\/#breadcrumb","itemListElement":[{"@type":"ListItem","position":1,"name":"Home","item":"https:\/\/limoservicesmiami.com\/"},{"@type":"ListItem","position":2,"name":"Accessibility Statement"}]},{"@type":"WebSite","@id":"https:\/\/limoservicesmiami.com\/#website","url":"https:\/\/limoservicesmiami.com\/","name":"Servicios de limusina en Miami","description":"","publisher":{"@id":"https:\/\/limoservicesmiami.com\/#organization"},"potentialAction":[{"@type":"SearchAction","target":{"@type":"EntryPoint","urlTemplate":"https:\/\/limoservicesmiami.com\/?s={search_term_string}"},"query-input":{"@type":"PropertyValueSpecification","valueRequired":true,"valueName":"search_term_string"}}],"inLanguage":"es"},{"@type":"Organization","@id":"https:\/\/limoservicesmiami.com\/#organization","name":"Servicios de limusina en Miami","url":"https:\/\/limoservicesmiami.com\/","logo":{"@type":"ImageObject","inLanguage":"es","@id":"https:\/\/limoservicesmiami.com\/#\/schema\/logo\/image\/","url":"https:\/\/limoservicesmiami.com\/wp-content\/uploads\/2024\/06\/limo-services-miami-logo-square.webp","contentUrl":"https:\/\/limoservicesmiami.com\/wp-content\/uploads\/2024\/06\/limo-services-miami-logo-square.webp","width":512,"height":512,"caption":"Limo Services Miami"},"image":{"@id":"https:\/\/limoservicesmiami.com\/#\/schema\/logo\/image\/"}}]}},"_links":{"self":[{"href":"https:\/\/limoservicesmiami.com\/es\/wp-json\/wp\/v2\/pages\/4317","targetHints":{"allow":["GET"]}}],"collection":[{"href":"https:\/\/limoservicesmiami.com\/es\/wp-json\/wp\/v2\/pages"}],"about":[{"href":"https:\/\/limoservicesmiami.com\/es\/wp-json\/wp\/v2\/types\/page"}],"author":[{"embeddable":true,"href":"https:\/\/limoservicesmiami.com\/es\/wp-json\/wp\/v2\/users\/2"}],"replies":[{"embeddable":true,"href":"https:\/\/limoservicesmiami.com\/es\/wp-json\/wp\/v2\/comments?post=4317"}],"version-history":[{"count":5,"href":"https:\/\/limoservicesmiami.com\/es\/wp-json\/wp\/v2\/pages\/4317\/revisions"}],"predecessor-version":[{"id":4325,"href":"https:\/\/limoservicesmiami.com\/es\/wp-json\/wp\/v2\/pages\/4317\/revisions\/4325"}],"wp:attachment":[{"href":"https:\/\/limoservicesmiami.com\/es\/wp-json\/wp\/v2\/media?parent=4317"}],"curies":[{"name":"gracias","href":"https:\/\/api.w.org\/{rel}","templated":true}]}}