{"id":3935,"date":"2024-06-20T15:15:15","date_gmt":"2024-06-20T15:15:15","guid":{"rendered":"https:\/\/limoservicesmiami.com\/?page_id=3935"},"modified":"2024-09-27T19:16:40","modified_gmt":"2024-09-27T19:16:40","slug":"prom-limo-miami","status":"publish","type":"page","link":"https:\/\/limoservicesmiami.com\/es\/prom-limo-miami\/","title":{"rendered":"Limusina para graduaci\u00f3n en Miami"},"content":{"rendered":"<div class=\"gb-container gb-container-6cdd0407 alignfull\">\n\n<video loop muted autoplay playsinline poster=\"\" class=\"background-video timelapse-night\">\n    <source src=\"\/wp-content\/uploads\/2024\/06\/miami-timelapse-night.mp4\" type=\"video\/mp4\">\n    <source src=\"\/wp-content\/uploads\/2024\/06\/miami-timelapse-night.mp4\" type=\"video\/webm\"> \n    <source src=\"\/wp-content\/uploads\/2024\/06\/miami-timelapse-night.mp4\" type=\"video\/ogv\">\n<\/video>\n\n\n<div class=\"gb-container gb-container-61f04905 background-video-content\">\n\n<h2 class=\"gb-headline gb-headline-ed301297 gb-headline-text\">Limusina para graduaci\u00f3n en Miami<\/h2>\n\n\n<div class=\"gb-container gb-container-3637121d\">\n\n<a class=\"gb-button gb-button-cc418c4c gb-button-text\" href=\"\/es\/reservations\/#book-now\">RESERVAR AHORA<\/a>\n\n\n\n<a class=\"gb-button gb-button-30e642fc gb-button-text\" href=\"tel:8777433229\">LLAMAR PARA RESERVAR<\/a>\n\n<\/div>\n<\/div>\n<\/div>\n\n<div class=\"gb-container gb-container-e3866783\">\n<div class=\"gb-container gb-container-82e5c925\">\n\n<h2 class=\"gb-headline gb-headline-a76718cc gb-headline-text\">Traslados al aeropuerto en Miami<\/h2>\n\n\n\n<p class=\"gb-headline gb-headline-52671910 gb-headline-text\">Profesionalismo de clase mundial, comodidad inigualable.<\/p>\n\n\n<div class=\"gb-container gb-container-d25a5358\">\n\n<a class=\"gb-button gb-button-2c29d544 gb-button-text\" href=\"\/es\/reservations\/\">RESERVAR AHORA<\/a>\n\n\n\n<a class=\"gb-button gb-button-c83258cd gb-button-text\" href=\"tel:8777433229\">LLAMAR PARA RESERVAR<\/a>\n\n<\/div>\n<\/div>\n<\/div>\n\n<div class=\"gb-container gb-container-f386d8dc\">\n<div class=\"gb-container gb-container-9ef06189\">\n<div class=\"gb-grid-wrapper gb-grid-wrapper-20347fd5\">\n<div class=\"gb-grid-column gb-grid-column-b6021176\"><div class=\"gb-container gb-container-b6021176\">\n\n<h2 class=\"gb-headline gb-headline-ec6f185c gb-headline-text\">Crea recuerdos para siempre<\/h2>\n\n\n\n<h2 class=\"gb-headline gb-headline-afa2c899 gb-headline-text\">El baile de graduaci\u00f3n es una ocasi\u00f3n muy especial para cada ni\u00f1a, ni\u00f1o y toda su familia. Es un evento que personifica la gracia y la madurez. El sue\u00f1o de cada persona es que este d\u00eda sea absolutamente perfecto; ya sea con la cita perfecta, luciendo el atuendo m\u00e1s deslumbrante o conduciendo el mejor veh\u00edculo disponible. Limousine Services Miami est\u00e1 aqu\u00ed para agregar ese brillo de cuento de hadas a su evento de graduaci\u00f3n y brindarle el mejor servicio de limusina en Miami.&nbsp;<\/h2>\n\n\n\n<h2 class=\"gb-headline gb-headline-51903152 gb-headline-text\">No solo ofrecemos un viaje a su destino, sino que tambi\u00e9n ofrecemos experiencias incomparables. Limousine Services Miami sabe que el baile de graduaci\u00f3n es una experiencia inolvidable para todos los j\u00f3venes y nos gustar\u00eda tener la oportunidad de ser la guinda de su maravilloso d\u00eda. Las limusinas se han convertido en el medio de transporte preferido de todos los asistentes al baile de graduaci\u00f3n. Nada a\u00f1ade m\u00e1s glamour a su gran d\u00eda que ser conducido hasta su puerta en una impresionante limusina. Los servicios de limusina para el baile de graduaci\u00f3n en Miami no se quedan atr\u00e1s y dejar\u00e1n un impacto duradero en el c\u00edrculo de sus amigos.<\/h2>\n\n\n\n<a class=\"gb-button gb-button-6ccf671c gb-button-text\" href=\"\/es\/reservations\/\">RESERVAR AHORA<\/a>\n\n<\/div><\/div>\n\n<div class=\"gb-grid-column gb-grid-column-6b0fdf68\"><div class=\"gb-container gb-container-6b0fdf68\">\n<div class=\"gb-grid-wrapper gb-grid-wrapper-75f765a6\">\n<div class=\"gb-grid-column gb-grid-column-3f4ed1f1\"><div class=\"gb-container gb-container-3f4ed1f1\"><\/div><\/div>\n\n<div class=\"gb-grid-column gb-grid-column-9dd5397f\"><div class=\"gb-container gb-container-9dd5397f\"><\/div><\/div>\n<\/div>\n<\/div><\/div>\n<\/div>\n<\/div>\n<\/div>\n\n<div class=\"gb-container gb-container-5ee3282f\">\n<div class=\"gb-container gb-container-778d58f1\">\n<div class=\"gb-grid-wrapper gb-grid-wrapper-f6b794e1\">\n<div class=\"gb-grid-column gb-grid-column-f8b7b12e\"><div class=\"gb-container gb-container-f8b7b12e\">\n\n<h2 class=\"gb-headline gb-headline-1050796b gb-headline-text\"><strong>\u00bfPor qu\u00e9 una limusina para el baile de graduaci\u00f3n?<\/strong><\/h2>\n\n\n\n<p class=\"gb-headline gb-headline-336b0121 gb-headline-text\">Entendemos que los padres quieren brindarles a sus hijos una experiencia inolvidable en este d\u00eda una vez que se grad\u00faen. Nuestro servicio de limusina garantiza un viaje seguro, lujoso y sin problemas desde y hacia su evento de graduaci\u00f3n. Garantizamos la m\u00e1xima puntualidad y personalizaci\u00f3n de la limusina seg\u00fan sus requisitos. Esta es la confiabilidad de nuestros servicios de limusina que no tiene comparaci\u00f3n con ning\u00fan otro servicio de limusina disponible.<\/p>\n\n\n\n<p class=\"gb-headline gb-headline-e0cb3957 gb-headline-text\">Sin embargo, existe una pregunta clara sobre qu\u00e9 es lo que hace que una limusina para el baile de graduaci\u00f3n de Limousine Services Miami sea diferente a cualquier otra limusina de otras empresas. Le prometemos la confiabilidad del servicio para que la experiencia de baile de graduaci\u00f3n sea perfecta. Una vez que nos haya reservado, puede relajarse y estar seguro de que la noche de graduaci\u00f3n de sus hijos ser\u00e1 absolutamente perfecta. Adem\u00e1s, cualquier personalizaci\u00f3n que pueda necesitar se realizar\u00e1 a precios completamente asequibles.<\/p>\n\n\n\n<a class=\"gb-button gb-button-e839a6fb gb-button-text\" href=\"\/es\/reservations\/\">RESERVAR AHORA<\/a>\n\n<\/div><\/div>\n\n<div class=\"gb-grid-column gb-grid-column-d46a7613\"><div class=\"gb-container gb-container-d46a7613\">\n\n<h2 class=\"gb-headline gb-headline-f43b2dc8 gb-headline-text\"><strong><strong>Reserva tu limusina en Miami con anticipaci\u00f3n<\/strong><\/strong><\/h2>\n\n\n\n<p class=\"gb-headline gb-headline-7a2cd288 gb-headline-text\">No te pierdas la mejor experiencia de baile de graduaci\u00f3n disponible. Reserva con anticipaci\u00f3n para vivir una experiencia inolvidable.<\/p>\n\n\n\n<p class=\"gb-headline gb-headline-74da4d1b gb-headline-text\">Limousine Services Miami es el ep\u00edtome del lujo cuando se trata de transporte. Ya sea que est\u00e9 buscando un d\u00eda exquisito y espont\u00e1neo por la ciudad y un viaje elegante para el d\u00eda de su boda, un viaje puntual desde y hacia el aeropuerto o una experiencia personalizada para su fiesta de graduaci\u00f3n, estamos aqu\u00ed para satisfacer todas sus necesidades de transporte de la mejor manera posible. Nuestros viajes son seguros, cuentan con programaci\u00f3n automatizada de su destino para garantizar la puntualidad, interiores impecables complementados con sus bebidas favoritas y sistemas de facturaci\u00f3n estandarizados que est\u00e1n ah\u00ed para hacer que su viaje sea una experiencia mucho m\u00e1s placentera.&nbsp;<\/p>\n\n\n\n<a class=\"gb-button gb-button-996cde2d gb-button-text\" href=\"\/es\/reservations\/\">RESERVAR AHORA<\/a>\n\n<\/div><\/div>\n<\/div>\n<\/div>\n<\/div>\n\n<div class=\"gb-container gb-container-d618406e\">\n<div class=\"gb-container gb-container-f6d9757c\">\n<div class=\"gb-grid-wrapper gb-grid-wrapper-d4b1e800\">\n<div class=\"gb-grid-column gb-grid-column-a8bef56f\"><div class=\"gb-container gb-container-a8bef56f\">\n\n<h2 class=\"gb-headline gb-headline-7da85a75 gb-headline-text\">Miami, el sur de Florida y m\u00e1s all\u00e1<\/h2>\n\n\n\n<p class=\"gb-headline gb-headline-54911560 gb-headline-text\">Encuentre un autom\u00f3vil en Miami, Fort Lauderdale, West Palm Beach, los Cayos de Florida y ciudades de todo Estados Unidos.<\/p>\n\n\n<div class=\"gb-container gb-container-b7eae40b\">\n\n<a class=\"gb-button gb-button-da9738d2 gb-button-text\" href=\"\/es\/reservations\/#book-now\">RESERVAR AHORA<\/a>\n\n\n\n<a class=\"gb-button gb-button-ef44015f gb-button-text\" href=\"tel:8777433229\">LLAMAR PARA RESERVAR<\/a>\n\n<\/div>\n<\/div><\/div>\n\n<div class=\"gb-grid-column gb-grid-column-e8dafa35\"><div class=\"gb-container gb-container-e8dafa35\">\n<div class=\"gb-container gb-container-337497e8\">\n\n<figure class=\"gb-block-image gb-block-image-66156179\"><img loading=\"lazy\" decoding=\"async\" width=\"1200\" height=\"669\" class=\"gb-image gb-image-66156179 shadowed\" src=\"https:\/\/limoservicesmiami.com\/wp-content\/uploads\/2024\/08\/lsm-map-new.webp\" alt=\"\" title=\"lsm-map-nuevo\" srcset=\"https:\/\/limoservicesmiami.com\/wp-content\/uploads\/2024\/08\/lsm-map-new.webp 1200w, https:\/\/limoservicesmiami.com\/wp-content\/uploads\/2024\/08\/lsm-map-new-300x167.webp 300w, https:\/\/limoservicesmiami.com\/wp-content\/uploads\/2024\/08\/lsm-map-new-1024x571.webp 1024w, https:\/\/limoservicesmiami.com\/wp-content\/uploads\/2024\/08\/lsm-map-new-768x428.webp 768w\" sizes=\"auto, (max-width: 1200px) 100vw, 1200px\" \/><\/figure>\n\n<\/div>\n<\/div><\/div>\n<\/div>\n<\/div>\n<\/div>","protected":false},"excerpt":{"rendered":"<p>Traslados al aeropuerto de Miami en limusina para baile de graduaci\u00f3n Profesionalismo de clase mundial, comodidad inigualable.<\/p>","protected":false},"author":2,"featured_media":0,"parent":0,"menu_order":0,"comment_status":"closed","ping_status":"closed","template":"","meta":{"footnotes":""},"class_list":["post-3935","page","type-page","status-publish"],"yoast_head":"<!-- This site is optimized with the Yoast SEO plugin v27.3 - https:\/\/yoast.com\/product\/yoast-seo-wordpress\/ -->\n<title>Prom Limo Miami - Limo Services Miami<\/title>\n<meta name=\"description\" content=\"If you&#039;re looking for the best prom limo Miami has to offer, then you&#039;re in the right place. Get a combination of style, luxury and reliability.\" \/>\n<meta name=\"robots\" content=\"index, follow, max-snippet:-1, max-image-preview:large, max-video-preview:-1\" \/>\n<link rel=\"canonical\" href=\"https:\/\/limoservicesmiami.com\/es\/prom-limo-miami\/\" \/>\n<meta property=\"og:locale\" content=\"es_MX\" \/>\n<meta property=\"og:type\" content=\"article\" \/>\n<meta property=\"og:title\" content=\"Prom Limo Miami - Limo Services Miami\" \/>\n<meta property=\"og:description\" content=\"If you&#039;re looking for the best prom limo Miami has to offer, then you&#039;re in the right place. Get a combination of style, luxury and reliability.\" \/>\n<meta property=\"og:url\" content=\"https:\/\/limoservicesmiami.com\/es\/prom-limo-miami\/\" \/>\n<meta property=\"og:site_name\" content=\"Limo Services Miami\" \/>\n<meta property=\"article:modified_time\" content=\"2024-09-27T19:16:40+00:00\" \/>\n<meta name=\"twitter:card\" content=\"summary_large_image\" \/>\n<meta name=\"twitter:label1\" content=\"Tiempo de lectura\" \/>\n\t<meta name=\"twitter:data1\" content=\"3 minutos\" \/>\n<script type=\"application\/ld+json\" class=\"yoast-schema-graph\">{\"@context\":\"https:\\\/\\\/schema.org\",\"@graph\":[{\"@type\":\"WebPage\",\"@id\":\"https:\\\/\\\/limoservicesmiami.com\\\/prom-limo-miami\\\/\",\"url\":\"https:\\\/\\\/limoservicesmiami.com\\\/prom-limo-miami\\\/\",\"name\":\"Prom Limo Miami - Limo Services Miami\",\"isPartOf\":{\"@id\":\"https:\\\/\\\/limoservicesmiami.com\\\/#website\"},\"datePublished\":\"2024-06-20T15:15:15+00:00\",\"dateModified\":\"2024-09-27T19:16:40+00:00\",\"description\":\"If you're looking for the best prom limo Miami has to offer, then you're in the right place. Get a combination of style, luxury and reliability.\",\"breadcrumb\":{\"@id\":\"https:\\\/\\\/limoservicesmiami.com\\\/prom-limo-miami\\\/#breadcrumb\"},\"inLanguage\":\"es\",\"potentialAction\":[{\"@type\":\"ReadAction\",\"target\":[\"https:\\\/\\\/limoservicesmiami.com\\\/prom-limo-miami\\\/\"]}]},{\"@type\":\"BreadcrumbList\",\"@id\":\"https:\\\/\\\/limoservicesmiami.com\\\/prom-limo-miami\\\/#breadcrumb\",\"itemListElement\":[{\"@type\":\"ListItem\",\"position\":1,\"name\":\"Home\",\"item\":\"https:\\\/\\\/limoservicesmiami.com\\\/\"},{\"@type\":\"ListItem\",\"position\":2,\"name\":\"Prom Limo Miami\"}]},{\"@type\":\"WebSite\",\"@id\":\"https:\\\/\\\/limoservicesmiami.com\\\/#website\",\"url\":\"https:\\\/\\\/limoservicesmiami.com\\\/\",\"name\":\"Limo Services Miami\",\"description\":\"\",\"publisher\":{\"@id\":\"https:\\\/\\\/limoservicesmiami.com\\\/#organization\"},\"potentialAction\":[{\"@type\":\"SearchAction\",\"target\":{\"@type\":\"EntryPoint\",\"urlTemplate\":\"https:\\\/\\\/limoservicesmiami.com\\\/?s={search_term_string}\"},\"query-input\":{\"@type\":\"PropertyValueSpecification\",\"valueRequired\":true,\"valueName\":\"search_term_string\"}}],\"inLanguage\":\"es\"},{\"@type\":\"Organization\",\"@id\":\"https:\\\/\\\/limoservicesmiami.com\\\/#organization\",\"name\":\"Limo Services Miami\",\"url\":\"https:\\\/\\\/limoservicesmiami.com\\\/\",\"logo\":{\"@type\":\"ImageObject\",\"inLanguage\":\"es\",\"@id\":\"https:\\\/\\\/limoservicesmiami.com\\\/#\\\/schema\\\/logo\\\/image\\\/\",\"url\":\"https:\\\/\\\/limoservicesmiami.com\\\/wp-content\\\/uploads\\\/2024\\\/06\\\/limo-services-miami-logo-square.webp\",\"contentUrl\":\"https:\\\/\\\/limoservicesmiami.com\\\/wp-content\\\/uploads\\\/2024\\\/06\\\/limo-services-miami-logo-square.webp\",\"width\":512,\"height\":512,\"caption\":\"Limo Services Miami\"},\"image\":{\"@id\":\"https:\\\/\\\/limoservicesmiami.com\\\/#\\\/schema\\\/logo\\\/image\\\/\"}}]}<\/script>\n<!-- \/ Yoast SEO plugin. -->","yoast_head_json":{"title":"Limusina para graduaci\u00f3n en Miami - Servicios de limusina en Miami","description":"Si busca la mejor limusina para su graduaci\u00f3n en Miami, est\u00e1 en el lugar indicado. Disfrute de una combinaci\u00f3n de estilo, lujo y confiabilidad.","robots":{"index":"index","follow":"follow","max-snippet":"max-snippet:-1","max-image-preview":"max-image-preview:large","max-video-preview":"max-video-preview:-1"},"canonical":"https:\/\/limoservicesmiami.com\/es\/prom-limo-miami\/","og_locale":"es_MX","og_type":"article","og_title":"Prom Limo Miami - Limo Services Miami","og_description":"If you're looking for the best prom limo Miami has to offer, then you're in the right place. Get a combination of style, luxury and reliability.","og_url":"https:\/\/limoservicesmiami.com\/es\/prom-limo-miami\/","og_site_name":"Limo Services Miami","article_modified_time":"2024-09-27T19:16:40+00:00","twitter_card":"summary_large_image","twitter_misc":{"Tiempo de lectura":"3 minutos"},"schema":{"@context":"https:\/\/schema.org","@graph":[{"@type":"WebPage","@id":"https:\/\/limoservicesmiami.com\/prom-limo-miami\/","url":"https:\/\/limoservicesmiami.com\/prom-limo-miami\/","name":"Limusina para graduaci\u00f3n en Miami - Servicios de limusina en Miami","isPartOf":{"@id":"https:\/\/limoservicesmiami.com\/#website"},"datePublished":"2024-06-20T15:15:15+00:00","dateModified":"2024-09-27T19:16:40+00:00","description":"Si busca la mejor limusina para su graduaci\u00f3n en Miami, est\u00e1 en el lugar indicado. Disfrute de una combinaci\u00f3n de estilo, lujo y confiabilidad.","breadcrumb":{"@id":"https:\/\/limoservicesmiami.com\/prom-limo-miami\/#breadcrumb"},"inLanguage":"es","potentialAction":[{"@type":"ReadAction","target":["https:\/\/limoservicesmiami.com\/prom-limo-miami\/"]}]},{"@type":"BreadcrumbList","@id":"https:\/\/limoservicesmiami.com\/prom-limo-miami\/#breadcrumb","itemListElement":[{"@type":"ListItem","position":1,"name":"Home","item":"https:\/\/limoservicesmiami.com\/"},{"@type":"ListItem","position":2,"name":"Prom Limo Miami"}]},{"@type":"WebSite","@id":"https:\/\/limoservicesmiami.com\/#website","url":"https:\/\/limoservicesmiami.com\/","name":"Servicios de limusina en Miami","description":"","publisher":{"@id":"https:\/\/limoservicesmiami.com\/#organization"},"potentialAction":[{"@type":"SearchAction","target":{"@type":"EntryPoint","urlTemplate":"https:\/\/limoservicesmiami.com\/?s={search_term_string}"},"query-input":{"@type":"PropertyValueSpecification","valueRequired":true,"valueName":"search_term_string"}}],"inLanguage":"es"},{"@type":"Organization","@id":"https:\/\/limoservicesmiami.com\/#organization","name":"Servicios de limusina en Miami","url":"https:\/\/limoservicesmiami.com\/","logo":{"@type":"ImageObject","inLanguage":"es","@id":"https:\/\/limoservicesmiami.com\/#\/schema\/logo\/image\/","url":"https:\/\/limoservicesmiami.com\/wp-content\/uploads\/2024\/06\/limo-services-miami-logo-square.webp","contentUrl":"https:\/\/limoservicesmiami.com\/wp-content\/uploads\/2024\/06\/limo-services-miami-logo-square.webp","width":512,"height":512,"caption":"Limo Services Miami"},"image":{"@id":"https:\/\/limoservicesmiami.com\/#\/schema\/logo\/image\/"}}]}},"_links":{"self":[{"href":"https:\/\/limoservicesmiami.com\/es\/wp-json\/wp\/v2\/pages\/3935","targetHints":{"allow":["GET"]}}],"collection":[{"href":"https:\/\/limoservicesmiami.com\/es\/wp-json\/wp\/v2\/pages"}],"about":[{"href":"https:\/\/limoservicesmiami.com\/es\/wp-json\/wp\/v2\/types\/page"}],"author":[{"embeddable":true,"href":"https:\/\/limoservicesmiami.com\/es\/wp-json\/wp\/v2\/users\/2"}],"replies":[{"embeddable":true,"href":"https:\/\/limoservicesmiami.com\/es\/wp-json\/wp\/v2\/comments?post=3935"}],"version-history":[{"count":19,"href":"https:\/\/limoservicesmiami.com\/es\/wp-json\/wp\/v2\/pages\/3935\/revisions"}],"predecessor-version":[{"id":4419,"href":"https:\/\/limoservicesmiami.com\/es\/wp-json\/wp\/v2\/pages\/3935\/revisions\/4419"}],"wp:attachment":[{"href":"https:\/\/limoservicesmiami.com\/es\/wp-json\/wp\/v2\/media?parent=3935"}],"curies":[{"name":"gracias","href":"https:\/\/api.w.org\/{rel}","templated":true}]}}