{"id":3913,"date":"2024-06-20T14:18:35","date_gmt":"2024-06-20T14:18:35","guid":{"rendered":"https:\/\/limoservicesmiami.com\/?page_id=3913"},"modified":"2024-09-27T19:15:55","modified_gmt":"2024-09-27T19:15:55","slug":"miami-chauffeur-service","status":"publish","type":"page","link":"https:\/\/limoservicesmiami.com\/es\/miami-chauffeur-service\/","title":{"rendered":"Servicio de chofer en Miami"},"content":{"rendered":"<div class=\"gb-container gb-container-6cdd0407 alignfull\">\n\n<video loop muted autoplay playsinline poster=\"\" class=\"background-video\">\n    <source src=\"\/wp-content\/uploads\/2024\/06\/miami-timelapse-day.mp4\" type=\"video\/mp4\">\n    <source src=\"\/wp-content\/uploads\/2024\/06\/miami-timelapse-day.mp4\" type=\"video\/webm\"> \n    <source src=\"\/wp-content\/uploads\/2024\/06\/miami-timelapse-day.mp4\" type=\"video\/ogv\">\n<\/video>\n\n\n<div class=\"gb-container gb-container-61f04905 background-video-content\">\n\n<h2 class=\"gb-headline gb-headline-ed301297 gb-headline-text\">Servicio de chofer en Miami<\/h2>\n\n\n<div class=\"gb-container gb-container-3637121d\">\n\n<a class=\"gb-button gb-button-cc418c4c gb-button-text\" href=\"\/es\/reservations\/#book-now\">RESERVAR AHORA<\/a>\n\n\n\n<a class=\"gb-button gb-button-30e642fc gb-button-text\" href=\"tel:8777433229\">LLAMAR PARA RESERVAR<\/a>\n\n<\/div>\n<\/div>\n<\/div>\n\n<div class=\"gb-container gb-container-f386d8dc\">\n<div class=\"gb-container gb-container-9ef06189\">\n<div class=\"gb-grid-wrapper gb-grid-wrapper-20347fd5\">\n<div class=\"gb-grid-column gb-grid-column-b6021176\"><div class=\"gb-container gb-container-b6021176\">\n\n<h2 class=\"gb-headline gb-headline-ec6f185c gb-headline-text\">Lo que necesita saber sobre los servicios de limusina en Miami<\/h2>\n\n\n\n<h2 class=\"gb-headline gb-headline-afa2c899 gb-headline-text\">Con playas de clase mundial, naturaleza impresionante, fant\u00e1stica cocina latinoamericana y fiestas interminables, Miami siempre est\u00e1 repleta de viajeros de negocios y turistas que pasan horas recorriendo la ciudad. Eso hace que el Aeropuerto Internacional de Miami (MIA) sea uno de los aeropuertos m\u00e1s concurridos con m\u00e1s de 160 destinos en todo el mundo. En estas condiciones agitadas, es crucial contar con un servicio de ch\u00f3fer profesional y confiable que pueda brindarle un traslado r\u00e1pido a cualquier lugar de Miami al que necesite ir. El servicio de ch\u00f3fer en Miami de Limo Services Miami ofrece transporte de alta calidad desde todos los aeropuertos principales del sur de Florida, como el Aeropuerto Internacional de Miami (MIA), el Aeropuerto Internacional de Fort Lauderdale-Hollywood (FLL) y el Aeropuerto Internacional de Palm Beach (PBI). La experiencia acumulada a lo largo de los a\u00f1os nos permite organizar sus traslados al aeropuerto sin estr\u00e9s a un precio excepcionalmente razonable.<\/h2>\n\n\n\n<a class=\"gb-button gb-button-6ccf671c gb-button-text\" href=\"\/es\/reservations\/\">RESERVAR AHORA<\/a>\n\n<\/div><\/div>\n\n<div class=\"gb-grid-column gb-grid-column-6b0fdf68\"><div class=\"gb-container gb-container-6b0fdf68\">\n<div class=\"gb-grid-wrapper gb-grid-wrapper-75f765a6\">\n<div class=\"gb-grid-column gb-grid-column-3f4ed1f1\"><div class=\"gb-container gb-container-3f4ed1f1\"><\/div><\/div>\n\n<div class=\"gb-grid-column gb-grid-column-9dd5397f\"><div class=\"gb-container gb-container-9dd5397f\"><\/div><\/div>\n<\/div>\n<\/div><\/div>\n<\/div>\n<\/div>\n<\/div>\n\n<div class=\"gb-container gb-container-207ea8f7\">\n<div class=\"gb-container gb-container-ae07c67a\">\n<div class=\"gb-grid-wrapper gb-grid-wrapper-a6293e8d\">\n<div class=\"gb-grid-column gb-grid-column-069a5e5b\"><div class=\"gb-container gb-container-069a5e5b\">\n<div class=\"gb-container gb-container-3082bd63\">\n\n<figure class=\"gb-block-image gb-block-image-9ae90b79\"><img loading=\"lazy\" decoding=\"async\" width=\"1000\" height=\"667\" class=\"gb-image gb-image-9ae90b79\" src=\"https:\/\/limoservicesmiami.com\/wp-content\/uploads\/2024\/05\/young-eclectic-group-riding-in-the-backseat.webp\" alt=\"\" title=\"grupo joven-ecl\u00e9ctico-viajando-en-el-asiento-trasero\" srcset=\"https:\/\/limoservicesmiami.com\/wp-content\/uploads\/2024\/05\/young-eclectic-group-riding-in-the-backseat.webp 1000w, https:\/\/limoservicesmiami.com\/wp-content\/uploads\/2024\/05\/young-eclectic-group-riding-in-the-backseat-300x200.webp 300w, https:\/\/limoservicesmiami.com\/wp-content\/uploads\/2024\/05\/young-eclectic-group-riding-in-the-backseat-768x512.webp 768w\" sizes=\"auto, (max-width: 1000px) 100vw, 1000px\" \/><\/figure>\n\n\n\n<h2 class=\"gb-headline gb-headline-864be39c gb-headline-text\"><strong>Reservar ahora<\/strong><\/h2>\n\n\n\n<p class=\"gb-headline gb-headline-7dee2690 gb-headline-text\">Puede reservar su veh\u00edculo con ch\u00f3fer en Miami hoy mismo visitando nuestro sitio. Debe elegir la fecha, la hora, el horario de servicio requerido, la direcci\u00f3n de recogida y la direcci\u00f3n de entrega en Miami. Lo \u00faltimo que deber\u00e1 hacer es seleccionar el veh\u00edculo que mejor se adapte a la situaci\u00f3n que ten\u00eda en mente. Una vez que estemos de acuerdo con todos los detalles, estaremos listos para ofrecerle el mejor viaje en Miami.<\/p>\n\n<\/div>\n\n\n<a class=\"gb-button gb-button-1faeff3a gb-button-text\" href=\"\/es\/reservations\/\">RESERVAR UN VIAJE<\/a>\n\n<\/div><\/div>\n\n<div class=\"gb-grid-column gb-grid-column-25ee443f\"><div class=\"gb-container gb-container-25ee443f\">\n\n<figure class=\"gb-block-image gb-block-image-f3fb22d6\"><img loading=\"lazy\" decoding=\"async\" width=\"400\" height=\"263\" class=\"gb-image gb-image-f3fb22d6\" src=\"https:\/\/limoservicesmiami.com\/wp-content\/uploads\/2024\/05\/squiggle-arrow.webp\" alt=\"\" title=\"flecha garabato\" srcset=\"https:\/\/limoservicesmiami.com\/wp-content\/uploads\/2024\/05\/squiggle-arrow.webp 400w, https:\/\/limoservicesmiami.com\/wp-content\/uploads\/2024\/05\/squiggle-arrow-300x197.webp 300w\" sizes=\"auto, (max-width: 400px) 100vw, 400px\" \/><\/figure>\n\n<\/div><\/div>\n\n<div class=\"gb-grid-column gb-grid-column-6d1d7568\"><div class=\"gb-container gb-container-6d1d7568\">\n<div class=\"gb-container gb-container-b9187cca\">\n\n<figure class=\"gb-block-image gb-block-image-463c6b38\"><img loading=\"lazy\" decoding=\"async\" width=\"1000\" height=\"667\" class=\"gb-image gb-image-463c6b38\" src=\"https:\/\/limoservicesmiami.com\/wp-content\/uploads\/2024\/05\/chauffeur-holding-door-open.webp\" alt=\"\" title=\"chofer manteniendo la puerta abierta\" srcset=\"https:\/\/limoservicesmiami.com\/wp-content\/uploads\/2024\/05\/chauffeur-holding-door-open.webp 1000w, https:\/\/limoservicesmiami.com\/wp-content\/uploads\/2024\/05\/chauffeur-holding-door-open-300x200.webp 300w, https:\/\/limoservicesmiami.com\/wp-content\/uploads\/2024\/05\/chauffeur-holding-door-open-768x512.webp 768w\" sizes=\"auto, (max-width: 1000px) 100vw, 1000px\" \/><\/figure>\n\n\n\n<h2 class=\"gb-headline gb-headline-0034ea6d gb-headline-text\"><strong>Traslados al aeropuerto sin estr\u00e9s<\/strong><\/h2>\n\n\n\n<p class=\"gb-headline gb-headline-f1ec9274 gb-headline-text\">Ya sea que vuele hacia o desde Miami, los traslados al aeropuerto son, con diferencia, la parte m\u00e1s estresante de cualquier viaje, que puede prolongarse hasta un par de horas. Un viaje al aeropuerto siempre es una experiencia que genera ansiedad, especialmente si no reserva con antelaci\u00f3n. Para evitar preocuparse por el tr\u00e1fico, el aparcamiento, los ch\u00f3feres maleducados, un coche inc\u00f3modo, la posibilidad de llegar tarde a un vuelo o a una reuni\u00f3n de negocios, aseg\u00farese de programar un traslado con Limo Services the Miami en su visita a Miami. Nuestros fiables servicios de traslado est\u00e1n disponibles las 24 horas del d\u00eda, los 7 d\u00edas de la semana, todos los d\u00edas del a\u00f1o. As\u00ed que, no importa cu\u00e1ndo nos necesite, estaremos all\u00ed.<\/p>\n\n<\/div>\n\n\n<a class=\"gb-button gb-button-4846d974 gb-button-text\" href=\"\/es\/reservations\/\">RESERVAR AHORA<\/a>\n\n<\/div><\/div>\n<\/div>\n<\/div>\n<\/div>\n\n<div class=\"gb-container gb-container-5ee3282f\">\n<div class=\"gb-container gb-container-778d58f1\">\n<div class=\"gb-grid-wrapper gb-grid-wrapper-f6b794e1\">\n<div class=\"gb-grid-column gb-grid-column-f8b7b12e\"><div class=\"gb-container gb-container-f8b7b12e\">\n\n<h2 class=\"gb-headline gb-headline-1050796b gb-headline-text\"><strong>Disfrute de su viaje de negocios a Miami<\/strong><\/h2>\n\n\n\n<p class=\"gb-headline gb-headline-336b0121 gb-headline-text\">Los viajes de negocios pueden ser abrumadores. No solo tienes que llegar a tiempo, sino que tambi\u00e9n tienes que parecer relajado, fresco y con ganas de afrontar cualquier cosa. Puede resultar bastante dif\u00edcil lograr todo esto si te estresas durante horas por cuestiones triviales como el transporte.<\/p>\n\n\n\n<p class=\"gb-headline gb-headline-e0cb3957 gb-headline-text\">Estamos aqu\u00ed para ayudar. Nuestro servicio de limusina ofrece interiores c\u00f3modos y lujosos que complacen los gustos m\u00e1s exquisitos de nuestros clientes. Nuestros choferes profesionales con una cortes\u00eda impecable lo har\u00e1n sentir bien atendido. Con nosotros a su lado, el viaje de negocios ser\u00e1 menos estresante y lo dejar\u00e1 con m\u00e1s energ\u00eda para ocuparse de las cosas que importan.<\/p>\n\n\n\n<a class=\"gb-button gb-button-e839a6fb gb-button-text\" href=\"\/es\/reservations\/\">RESERVAR AHORA<\/a>\n\n<\/div><\/div>\n\n<div class=\"gb-grid-column gb-grid-column-d46a7613\"><div class=\"gb-container gb-container-d46a7613\">\n\n<h2 class=\"gb-headline gb-headline-f43b2dc8 gb-headline-text\"><strong>Nuestros coches<\/strong><\/h2>\n\n\n\n<p class=\"gb-headline gb-headline-7a2cd288 gb-headline-text\">Podemos ofrecerle una variedad de veh\u00edculos diferentes (por ejemplo, un Mercedes Benz), en distintos horarios, seg\u00fan sus necesidades. Cuando elija la fecha y la hora, puede elegir un autom\u00f3vil de nuestra flota: sed\u00e1n est\u00e1ndar o de lujo, Sprinter, camioneta para diez pasajeros, limusinas Hummer, autob\u00fas y m\u00e1s. Limo Services Miami tiene altos est\u00e1ndares de mantenimiento de veh\u00edculos. Un autom\u00f3vil debe estar en impecables condiciones para que podamos brindarle un transporte seguro y confiable.&nbsp;<\/p>\n\n\n\n<a class=\"gb-button gb-button-996cde2d gb-button-text\" href=\"\/es\/reservations\/\">RESERVAR AHORA<\/a>\n\n<\/div><\/div>\n<\/div>\n<\/div>\n<\/div>\n\n<div class=\"gb-container gb-container-417cc751\">\n<div class=\"gb-container gb-container-5a1ff6a0\">\n<div class=\"gb-grid-wrapper gb-grid-wrapper-15e538be\">\n<div class=\"gb-grid-column gb-grid-column-5b84f2af\"><div class=\"gb-container gb-container-5b84f2af\">\n<div class=\"gb-container gb-container-1eac4e95\">\n\n<h2 class=\"gb-headline gb-headline-1f11aa3b gb-headline-text\"><strong>No se preocupe por las direcciones ni los mapas<\/strong><\/h2>\n\n\n\n<p class=\"gb-headline gb-headline-5de1805c gb-headline-text\">Para nosotros, las necesidades log\u00edsticas del cliente son esenciales y siempre elegimos una ruta para asegurarnos de llegar a tiempo en lugar de quedarnos atrapados en un atasco durante horas. Gracias a las \u00faltimas tecnolog\u00edas de datos inal\u00e1mbricos, conocemos el estado de la carretera y el tr\u00e1fico. Entendemos lo importante que es evitar cualquier drama durante el viaje. Limo Services en Miami ofrece transporte seguro, confiable y de lujo cuando y donde lo necesite. Tratamos a cada uno de nuestros clientes como individuos con sus propias necesidades, gustos y capacidades. Perm\u00edtanos hacer que su experiencia de viaje sea mucho m\u00e1s agradable y llena de lujo.<\/p>\n\n<\/div>\n<\/div><\/div>\n\n<div class=\"gb-grid-column gb-grid-column-cb0cd01d\"><div class=\"gb-container gb-container-cb0cd01d\"><\/div><\/div>\n<\/div>\n<\/div>\n<\/div>\n\n<div class=\"gb-container gb-container-d618406e\">\n<div class=\"gb-container gb-container-f6d9757c\">\n<div class=\"gb-grid-wrapper gb-grid-wrapper-d4b1e800\">\n<div class=\"gb-grid-column gb-grid-column-a8bef56f\"><div class=\"gb-container gb-container-a8bef56f\">\n\n<h2 class=\"gb-headline gb-headline-7da85a75 gb-headline-text\">Miami, el sur de Florida y m\u00e1s all\u00e1<\/h2>\n\n\n\n<p class=\"gb-headline gb-headline-54911560 gb-headline-text\">Encuentre un autom\u00f3vil en Miami, Fort Lauderdale, West Palm Beach, los Cayos de Florida y ciudades de todo Estados Unidos.<\/p>\n\n\n<div class=\"gb-container gb-container-b7eae40b\">\n\n<a class=\"gb-button gb-button-da9738d2 gb-button-text\" href=\"\/es\/reservations\/#book-now\">RESERVAR AHORA<\/a>\n\n\n\n<a class=\"gb-button gb-button-ef44015f gb-button-text\" href=\"tel:8777433229\">LLAMAR PARA RESERVAR<\/a>\n\n<\/div>\n<\/div><\/div>\n\n<div class=\"gb-grid-column gb-grid-column-e8dafa35\"><div class=\"gb-container gb-container-e8dafa35\">\n<div class=\"gb-container gb-container-337497e8\">\n\n<figure class=\"gb-block-image gb-block-image-66156179\"><img loading=\"lazy\" decoding=\"async\" width=\"1200\" height=\"669\" class=\"gb-image gb-image-66156179 shadowed\" src=\"https:\/\/limoservicesmiami.com\/wp-content\/uploads\/2024\/08\/lsm-map-new.webp\" alt=\"\" title=\"lsm-map-nuevo\" srcset=\"https:\/\/limoservicesmiami.com\/wp-content\/uploads\/2024\/08\/lsm-map-new.webp 1200w, https:\/\/limoservicesmiami.com\/wp-content\/uploads\/2024\/08\/lsm-map-new-300x167.webp 300w, https:\/\/limoservicesmiami.com\/wp-content\/uploads\/2024\/08\/lsm-map-new-1024x571.webp 1024w, https:\/\/limoservicesmiami.com\/wp-content\/uploads\/2024\/08\/lsm-map-new-768x428.webp 768w\" sizes=\"auto, (max-width: 1200px) 100vw, 1200px\" \/><\/figure>\n\n<\/div>\n<\/div><\/div>\n<\/div>\n<\/div>\n<\/div>","protected":false},"excerpt":{"rendered":"<p>Servicio de chofer en Miami<\/p>","protected":false},"author":2,"featured_media":0,"parent":0,"menu_order":0,"comment_status":"closed","ping_status":"closed","template":"","meta":{"footnotes":""},"class_list":["post-3913","page","type-page","status-publish"],"yoast_head":"<!-- This site is optimized with the Yoast SEO plugin v27.4 - https:\/\/yoast.com\/product\/yoast-seo-wordpress\/ -->\n<title>Miami Chauffeur Service - Limo Services Miami<\/title>\n<meta name=\"robots\" content=\"index, follow, max-snippet:-1, max-image-preview:large, max-video-preview:-1\" \/>\n<link rel=\"canonical\" href=\"https:\/\/limoservicesmiami.com\/es\/miami-chauffeur-service\/\" \/>\n<meta property=\"og:locale\" content=\"es_MX\" \/>\n<meta property=\"og:type\" content=\"article\" \/>\n<meta property=\"og:title\" content=\"Miami Chauffeur Service - Limo Services Miami\" \/>\n<meta property=\"og:description\" content=\"Miami Chauffeur Service\" \/>\n<meta property=\"og:url\" content=\"https:\/\/limoservicesmiami.com\/es\/miami-chauffeur-service\/\" \/>\n<meta property=\"og:site_name\" content=\"Limo Services Miami\" \/>\n<meta property=\"article:modified_time\" content=\"2024-09-27T19:15:55+00:00\" \/>\n<meta property=\"og:image\" content=\"https:\/\/limoservicesmiami.com\/wp-content\/uploads\/2024\/05\/young-eclectic-group-riding-in-the-backseat.webp\" \/>\n<meta name=\"twitter:card\" content=\"summary_large_image\" \/>\n<meta name=\"twitter:label1\" content=\"Tiempo de lectura\" \/>\n\t<meta name=\"twitter:data1\" content=\"4 minutos\" \/>\n<script type=\"application\/ld+json\" class=\"yoast-schema-graph\">{\"@context\":\"https:\\\/\\\/schema.org\",\"@graph\":[{\"@type\":\"WebPage\",\"@id\":\"https:\\\/\\\/limoservicesmiami.com\\\/miami-chauffeur-service\\\/\",\"url\":\"https:\\\/\\\/limoservicesmiami.com\\\/miami-chauffeur-service\\\/\",\"name\":\"Miami Chauffeur Service - Limo Services Miami\",\"isPartOf\":{\"@id\":\"https:\\\/\\\/limoservicesmiami.com\\\/#website\"},\"primaryImageOfPage\":{\"@id\":\"https:\\\/\\\/limoservicesmiami.com\\\/miami-chauffeur-service\\\/#primaryimage\"},\"image\":{\"@id\":\"https:\\\/\\\/limoservicesmiami.com\\\/miami-chauffeur-service\\\/#primaryimage\"},\"thumbnailUrl\":\"https:\\\/\\\/limoservicesmiami.com\\\/wp-content\\\/uploads\\\/2024\\\/05\\\/young-eclectic-group-riding-in-the-backseat.webp\",\"datePublished\":\"2024-06-20T14:18:35+00:00\",\"dateModified\":\"2024-09-27T19:15:55+00:00\",\"breadcrumb\":{\"@id\":\"https:\\\/\\\/limoservicesmiami.com\\\/miami-chauffeur-service\\\/#breadcrumb\"},\"inLanguage\":\"es\",\"potentialAction\":[{\"@type\":\"ReadAction\",\"target\":[\"https:\\\/\\\/limoservicesmiami.com\\\/miami-chauffeur-service\\\/\"]}]},{\"@type\":\"ImageObject\",\"inLanguage\":\"es\",\"@id\":\"https:\\\/\\\/limoservicesmiami.com\\\/miami-chauffeur-service\\\/#primaryimage\",\"url\":\"https:\\\/\\\/limoservicesmiami.com\\\/wp-content\\\/uploads\\\/2024\\\/05\\\/young-eclectic-group-riding-in-the-backseat.webp\",\"contentUrl\":\"https:\\\/\\\/limoservicesmiami.com\\\/wp-content\\\/uploads\\\/2024\\\/05\\\/young-eclectic-group-riding-in-the-backseat.webp\"},{\"@type\":\"BreadcrumbList\",\"@id\":\"https:\\\/\\\/limoservicesmiami.com\\\/miami-chauffeur-service\\\/#breadcrumb\",\"itemListElement\":[{\"@type\":\"ListItem\",\"position\":1,\"name\":\"Home\",\"item\":\"https:\\\/\\\/limoservicesmiami.com\\\/\"},{\"@type\":\"ListItem\",\"position\":2,\"name\":\"Miami Chauffeur Service\"}]},{\"@type\":\"WebSite\",\"@id\":\"https:\\\/\\\/limoservicesmiami.com\\\/#website\",\"url\":\"https:\\\/\\\/limoservicesmiami.com\\\/\",\"name\":\"Limo Services Miami\",\"description\":\"\",\"publisher\":{\"@id\":\"https:\\\/\\\/limoservicesmiami.com\\\/#organization\"},\"potentialAction\":[{\"@type\":\"SearchAction\",\"target\":{\"@type\":\"EntryPoint\",\"urlTemplate\":\"https:\\\/\\\/limoservicesmiami.com\\\/?s={search_term_string}\"},\"query-input\":{\"@type\":\"PropertyValueSpecification\",\"valueRequired\":true,\"valueName\":\"search_term_string\"}}],\"inLanguage\":\"es\"},{\"@type\":\"Organization\",\"@id\":\"https:\\\/\\\/limoservicesmiami.com\\\/#organization\",\"name\":\"Limo Services Miami\",\"url\":\"https:\\\/\\\/limoservicesmiami.com\\\/\",\"logo\":{\"@type\":\"ImageObject\",\"inLanguage\":\"es\",\"@id\":\"https:\\\/\\\/limoservicesmiami.com\\\/#\\\/schema\\\/logo\\\/image\\\/\",\"url\":\"https:\\\/\\\/limoservicesmiami.com\\\/wp-content\\\/uploads\\\/2024\\\/06\\\/limo-services-miami-logo-square.webp\",\"contentUrl\":\"https:\\\/\\\/limoservicesmiami.com\\\/wp-content\\\/uploads\\\/2024\\\/06\\\/limo-services-miami-logo-square.webp\",\"width\":512,\"height\":512,\"caption\":\"Limo Services Miami\"},\"image\":{\"@id\":\"https:\\\/\\\/limoservicesmiami.com\\\/#\\\/schema\\\/logo\\\/image\\\/\"}}]}<\/script>\n<!-- \/ Yoast SEO plugin. -->","yoast_head_json":{"title":"Servicio de ch\u00f3fer en Miami - Servicios de limusina en Miami","robots":{"index":"index","follow":"follow","max-snippet":"max-snippet:-1","max-image-preview":"max-image-preview:large","max-video-preview":"max-video-preview:-1"},"canonical":"https:\/\/limoservicesmiami.com\/es\/miami-chauffeur-service\/","og_locale":"es_MX","og_type":"article","og_title":"Miami Chauffeur Service - Limo Services Miami","og_description":"Miami Chauffeur Service","og_url":"https:\/\/limoservicesmiami.com\/es\/miami-chauffeur-service\/","og_site_name":"Limo Services Miami","article_modified_time":"2024-09-27T19:15:55+00:00","og_image":[{"url":"https:\/\/limoservicesmiami.com\/wp-content\/uploads\/2024\/05\/young-eclectic-group-riding-in-the-backseat.webp","type":"","width":"","height":""}],"twitter_card":"summary_large_image","twitter_misc":{"Tiempo de lectura":"4 minutos"},"schema":{"@context":"https:\/\/schema.org","@graph":[{"@type":"WebPage","@id":"https:\/\/limoservicesmiami.com\/miami-chauffeur-service\/","url":"https:\/\/limoservicesmiami.com\/miami-chauffeur-service\/","name":"Servicio de ch\u00f3fer en Miami - Servicios de limusina en Miami","isPartOf":{"@id":"https:\/\/limoservicesmiami.com\/#website"},"primaryImageOfPage":{"@id":"https:\/\/limoservicesmiami.com\/miami-chauffeur-service\/#primaryimage"},"image":{"@id":"https:\/\/limoservicesmiami.com\/miami-chauffeur-service\/#primaryimage"},"thumbnailUrl":"https:\/\/limoservicesmiami.com\/wp-content\/uploads\/2024\/05\/young-eclectic-group-riding-in-the-backseat.webp","datePublished":"2024-06-20T14:18:35+00:00","dateModified":"2024-09-27T19:15:55+00:00","breadcrumb":{"@id":"https:\/\/limoservicesmiami.com\/miami-chauffeur-service\/#breadcrumb"},"inLanguage":"es","potentialAction":[{"@type":"ReadAction","target":["https:\/\/limoservicesmiami.com\/miami-chauffeur-service\/"]}]},{"@type":"ImageObject","inLanguage":"es","@id":"https:\/\/limoservicesmiami.com\/miami-chauffeur-service\/#primaryimage","url":"https:\/\/limoservicesmiami.com\/wp-content\/uploads\/2024\/05\/young-eclectic-group-riding-in-the-backseat.webp","contentUrl":"https:\/\/limoservicesmiami.com\/wp-content\/uploads\/2024\/05\/young-eclectic-group-riding-in-the-backseat.webp"},{"@type":"BreadcrumbList","@id":"https:\/\/limoservicesmiami.com\/miami-chauffeur-service\/#breadcrumb","itemListElement":[{"@type":"ListItem","position":1,"name":"Home","item":"https:\/\/limoservicesmiami.com\/"},{"@type":"ListItem","position":2,"name":"Miami Chauffeur Service"}]},{"@type":"WebSite","@id":"https:\/\/limoservicesmiami.com\/#website","url":"https:\/\/limoservicesmiami.com\/","name":"Servicios de limusina en Miami","description":"","publisher":{"@id":"https:\/\/limoservicesmiami.com\/#organization"},"potentialAction":[{"@type":"SearchAction","target":{"@type":"EntryPoint","urlTemplate":"https:\/\/limoservicesmiami.com\/?s={search_term_string}"},"query-input":{"@type":"PropertyValueSpecification","valueRequired":true,"valueName":"search_term_string"}}],"inLanguage":"es"},{"@type":"Organization","@id":"https:\/\/limoservicesmiami.com\/#organization","name":"Servicios de limusina en Miami","url":"https:\/\/limoservicesmiami.com\/","logo":{"@type":"ImageObject","inLanguage":"es","@id":"https:\/\/limoservicesmiami.com\/#\/schema\/logo\/image\/","url":"https:\/\/limoservicesmiami.com\/wp-content\/uploads\/2024\/06\/limo-services-miami-logo-square.webp","contentUrl":"https:\/\/limoservicesmiami.com\/wp-content\/uploads\/2024\/06\/limo-services-miami-logo-square.webp","width":512,"height":512,"caption":"Limo Services Miami"},"image":{"@id":"https:\/\/limoservicesmiami.com\/#\/schema\/logo\/image\/"}}]}},"_links":{"self":[{"href":"https:\/\/limoservicesmiami.com\/es\/wp-json\/wp\/v2\/pages\/3913","targetHints":{"allow":["GET"]}}],"collection":[{"href":"https:\/\/limoservicesmiami.com\/es\/wp-json\/wp\/v2\/pages"}],"about":[{"href":"https:\/\/limoservicesmiami.com\/es\/wp-json\/wp\/v2\/types\/page"}],"author":[{"embeddable":true,"href":"https:\/\/limoservicesmiami.com\/es\/wp-json\/wp\/v2\/users\/2"}],"replies":[{"embeddable":true,"href":"https:\/\/limoservicesmiami.com\/es\/wp-json\/wp\/v2\/comments?post=3913"}],"version-history":[{"count":5,"href":"https:\/\/limoservicesmiami.com\/es\/wp-json\/wp\/v2\/pages\/3913\/revisions"}],"predecessor-version":[{"id":4413,"href":"https:\/\/limoservicesmiami.com\/es\/wp-json\/wp\/v2\/pages\/3913\/revisions\/4413"}],"wp:attachment":[{"href":"https:\/\/limoservicesmiami.com\/es\/wp-json\/wp\/v2\/media?parent=3913"}],"curies":[{"name":"gracias","href":"https:\/\/api.w.org\/{rel}","templated":true}]}}