{"id":251,"date":"2024-05-21T17:05:17","date_gmt":"2024-05-21T17:05:17","guid":{"rendered":"https:\/\/limoservicesmiami.com\/?page_id=251"},"modified":"2024-09-27T19:15:47","modified_gmt":"2024-09-27T19:15:47","slug":"miami-airport-limo","status":"publish","type":"page","link":"https:\/\/limoservicesmiami.com\/es\/miami-airport-limo\/","title":{"rendered":"Limusina del aeropuerto de Miami"},"content":{"rendered":"<div class=\"gb-container gb-container-6cdd0407 alignfull\">\n\n<video loop muted autoplay playsinline poster=\"\" class=\"background-video timelapse-night\">\n    <source src=\"\/wp-content\/uploads\/2024\/06\/miami-timelapse-night.mp4\" type=\"video\/mp4\">\n    <source src=\"\/wp-content\/uploads\/2024\/06\/miami-timelapse-night.mp4\" type=\"video\/webm\"> \n    <source src=\"\/wp-content\/uploads\/2024\/06\/miami-timelapse-night.mp4\" type=\"video\/ogv\">\n<\/video>\n\n\n<div class=\"gb-container gb-container-61f04905 background-video-content\">\n\n<h2 class=\"gb-headline gb-headline-ed301297 gb-headline-text\">Limusina del aeropuerto de Miami<\/h2>\n\n\n<div class=\"gb-container gb-container-3637121d\">\n\n<a class=\"gb-button gb-button-cc418c4c gb-button-text\" href=\"\/es\/reservations\/#book-now\">RESERVAR AHORA<\/a>\n\n\n\n<a class=\"gb-button gb-button-30e642fc gb-button-text\" href=\"tel:8777433229\">LLAMAR PARA RESERVAR<\/a>\n\n<\/div>\n<\/div>\n<\/div>\n\n<div class=\"gb-container gb-container-e3866783\">\n<div class=\"gb-container gb-container-4eac3265\">\n\n<h2 class=\"gb-headline gb-headline-b248c3b1 gb-headline-text\">Limusina del aeropuerto de Miami<\/h2>\n\n\n<div class=\"gb-container gb-container-0e321326\">\n\n<a class=\"gb-button gb-button-795b9e4b gb-button-text\" href=\"\/es\/reservations\/\">RESERVAR AHORA<\/a>\n\n\n\n<a class=\"gb-button gb-button-f8251e66 gb-button-text\" href=\"tel:8777433229\">LLAMAR PARA RESERVAR<\/a>\n\n<\/div>\n<\/div>\n<\/div>\n\n<div class=\"gb-container gb-container-f386d8dc\">\n<div class=\"gb-container gb-container-9ef06189\">\n<div class=\"gb-grid-wrapper gb-grid-wrapper-20347fd5\">\n<div class=\"gb-grid-column gb-grid-column-b6021176\"><div class=\"gb-container gb-container-b6021176\">\n\n<h2 class=\"gb-headline gb-headline-ec6f185c gb-headline-text\">Cuente con los servicios de limusina de Miami<\/h2>\n\n\n\n<h2 class=\"gb-headline gb-headline-afa2c899 gb-headline-text\">Miami. Un crisol de las mejores playas, tiendas y arquitectura que el sur de Florida tiene para ofrecer. Es el destino de viaje perfecto para ampliar tus horizontes y disfrutar de las mejores cosas de la vida. Y comienza desde el momento en que sales del aeropuerto. No pierdas tu tiempo y energ\u00eda esperando taxis o tratando con proveedores de transporte poco profesionales.<\/h2>\n\n\n\n<h2 class=\"gb-headline gb-headline-4c62e52e gb-headline-text\">Elija un servicio de limusina del aeropuerto de Miami que comprenda sus expectativas y la calidad que necesita.<\/h2>\n\n\n\n<a class=\"gb-button gb-button-6ccf671c gb-button-text\" href=\"\/es\/reservations\/\">RESERVAR AHORA<\/a>\n\n<\/div><\/div>\n\n<div class=\"gb-grid-column gb-grid-column-6b0fdf68\"><div class=\"gb-container gb-container-6b0fdf68\">\n<div class=\"gb-grid-wrapper gb-grid-wrapper-75f765a6\">\n<div class=\"gb-grid-column gb-grid-column-3f4ed1f1\"><div class=\"gb-container gb-container-3f4ed1f1\"><\/div><\/div>\n\n<div class=\"gb-grid-column gb-grid-column-9dd5397f\"><div class=\"gb-container gb-container-9dd5397f\"><\/div><\/div>\n<\/div>\n<\/div><\/div>\n<\/div>\n<\/div>\n<\/div>\n\n<div class=\"gb-container gb-container-207ea8f7\">\n<div class=\"gb-container gb-container-ae07c67a\">\n<div class=\"gb-grid-wrapper gb-grid-wrapper-a6293e8d\">\n<div class=\"gb-grid-column gb-grid-column-069a5e5b\"><div class=\"gb-container gb-container-069a5e5b\">\n<div class=\"gb-container gb-container-3082bd63\">\n\n<figure class=\"gb-block-image gb-block-image-9ae90b79\"><img loading=\"lazy\" decoding=\"async\" width=\"1000\" height=\"667\" class=\"gb-image gb-image-9ae90b79\" src=\"https:\/\/limoservicesmiami.com\/wp-content\/uploads\/2024\/05\/jet-approaching-runway-at-sunset.webp\" alt=\"\" title=\"avi\u00f3n acerc\u00e1ndose a la pista al atardecer\" srcset=\"https:\/\/limoservicesmiami.com\/wp-content\/uploads\/2024\/05\/jet-approaching-runway-at-sunset.webp 1000w, https:\/\/limoservicesmiami.com\/wp-content\/uploads\/2024\/05\/jet-approaching-runway-at-sunset-300x200.webp 300w, https:\/\/limoservicesmiami.com\/wp-content\/uploads\/2024\/05\/jet-approaching-runway-at-sunset-768x512.webp 768w\" sizes=\"auto, (max-width: 1000px) 100vw, 1000px\" \/><\/figure>\n\n\n\n<h2 class=\"gb-headline gb-headline-864be39c gb-headline-text\"><strong>Servicio de limusina l\u00edder<\/strong><\/h2>\n\n\n\n<p class=\"gb-headline gb-headline-7dee2690 gb-headline-text\">Limousine Services Miami extiende su incomparable experiencia en transporte de lujo al Aeropuerto Internacional de Miami. Nuestros altos est\u00e1ndares de operaci\u00f3n y servicio nos convierten en el servicio de limusinas l\u00edder en el aeropuerto de Miami y estamos decididos a mantener ese t\u00edtulo durante muchos a\u00f1os m\u00e1s.<\/p>\n\n\n\n<p class=\"gb-headline gb-headline-75a79c72 gb-headline-text\">Contamos con experiencia en brindarles a nuestros clientes los viajes de lujo m\u00e1s seguros y confiables desde y hacia los aeropuertos m\u00e1s importantes del sur de Florida. Para que su estad\u00eda en la Ciudad M\u00e1gica sea realmente m\u00e1gica, elija Limousine Services Miami.<\/p>\n\n<\/div>\n\n\n<a class=\"gb-button gb-button-1faeff3a gb-button-text\" href=\"\/es\/reservations\/\">RESERVAR AHORA<\/a>\n\n<\/div><\/div>\n\n<div class=\"gb-grid-column gb-grid-column-25ee443f\"><div class=\"gb-container gb-container-25ee443f\">\n\n<figure class=\"gb-block-image gb-block-image-f3fb22d6\"><img loading=\"lazy\" decoding=\"async\" width=\"400\" height=\"263\" class=\"gb-image gb-image-f3fb22d6\" src=\"https:\/\/limoservicesmiami.com\/wp-content\/uploads\/2024\/05\/squiggle-arrow.webp\" alt=\"\" title=\"flecha garabato\" srcset=\"https:\/\/limoservicesmiami.com\/wp-content\/uploads\/2024\/05\/squiggle-arrow.webp 400w, https:\/\/limoservicesmiami.com\/wp-content\/uploads\/2024\/05\/squiggle-arrow-300x197.webp 300w\" sizes=\"auto, (max-width: 400px) 100vw, 400px\" \/><\/figure>\n\n<\/div><\/div>\n\n<div class=\"gb-grid-column gb-grid-column-6d1d7568\"><div class=\"gb-container gb-container-6d1d7568\">\n\n<figure class=\"gb-block-image gb-block-image-463c6b38\"><img loading=\"lazy\" decoding=\"async\" width=\"1000\" height=\"667\" class=\"gb-image gb-image-463c6b38\" src=\"https:\/\/limoservicesmiami.com\/wp-content\/uploads\/2024\/05\/white-gloved-chauffeur-waiting.webp\" alt=\"\" title=\"chofer con guantes blancos esperando\" srcset=\"https:\/\/limoservicesmiami.com\/wp-content\/uploads\/2024\/05\/white-gloved-chauffeur-waiting.webp 1000w, https:\/\/limoservicesmiami.com\/wp-content\/uploads\/2024\/05\/white-gloved-chauffeur-waiting-300x200.webp 300w, https:\/\/limoservicesmiami.com\/wp-content\/uploads\/2024\/05\/white-gloved-chauffeur-waiting-768x512.webp 768w\" sizes=\"auto, (max-width: 1000px) 100vw, 1000px\" \/><\/figure>\n\n\n\n<h2 class=\"gb-headline gb-headline-0034ea6d gb-headline-text\"><strong>Nuestros choferes<\/strong><\/h2>\n\n\n\n<p class=\"gb-headline gb-headline-f1ec9274 gb-headline-text\">En Limousine Services Miami priorizamos su experiencia y bienestar por sobre todo lo dem\u00e1s. Mientras que otras empresas se centran \u00fanicamente en sus veh\u00edculos, nosotros nos centramos en las personas que completan y mejoran su viaje.&nbsp;<\/p>\n\n\n\n<p class=\"gb-headline gb-headline-1c8a8511 gb-headline-text\">Nuestros choferes son evaluados y capacitados exhaustivamente. Son profesionales de primer nivel en su campo y se les exige que cumplan con los m\u00e1s altos est\u00e1ndares de responsabilidad y competencia.<\/p>\n\n\n\n<p class=\"gb-headline gb-headline-98649651 gb-headline-text\">Nuestro equipo se esfuerza por ayudarlo en todo lo que necesite y defender\u00e1 nuestros valores de seguridad, confiabilidad y calidad. \u00a1Qu\u00e9dese tranquilo porque est\u00e1 en buenas manos!<\/p>\n\n\n\n<a class=\"gb-button gb-button-4846d974 gb-button-text\" href=\"\/es\/reservations\/\">RESERVAR AHORA<\/a>\n\n<\/div><\/div>\n<\/div>\n<\/div>\n<\/div>\n\n<div class=\"gb-container gb-container-417cc751\">\n<div class=\"gb-container gb-container-5a1ff6a0\">\n<div class=\"gb-grid-wrapper gb-grid-wrapper-15e538be\">\n<div class=\"gb-grid-column gb-grid-column-5b84f2af\"><div class=\"gb-container gb-container-5b84f2af\">\n<div class=\"gb-container gb-container-1eac4e95\">\n\n<h2 class=\"gb-headline gb-headline-1f11aa3b gb-headline-text\"><strong>Nuestras garant\u00edas para usted<\/strong><\/h2>\n\n\n\n<p class=\"gb-headline gb-headline-5de1805c gb-headline-text\">Limo Services Miami es la mejor experiencia en servicios de autom\u00f3viles que puede obtener. Garantizamos veh\u00edculos de primera l\u00ednea (SUV, sedanes Mercedes, limusinas) para satisfacer sus necesidades. Nuestro trato VIP siempre ofrece:<\/p>\n\n\n<div class=\"gb-grid-wrapper gb-grid-wrapper-d8c84342\">\n<div class=\"gb-grid-column gb-grid-column-e8051c04\"><div class=\"gb-container gb-container-e8051c04\">\n<div class=\"gb-grid-wrapper gb-grid-wrapper-b4286706\">\n<div class=\"gb-grid-column gb-grid-column-03b281eb\"><div class=\"gb-container gb-container-03b281eb\">\n\n<h2 class=\"gb-headline gb-headline-dd0d1753\"><span class=\"gb-icon\"><svg xmlns=\"http:\/\/www.w3.org\/2000\/svg\" viewbox=\"0 0 512 512\"><path d=\"M256 49.4L73 127c-5.9 2.5-9.1 7.8-9 12.8c.5 91.4 38.4 249.3 186.4 320.1c3.6 1.7 7.8 1.7 11.3 0C409.7 389 447.6 231.2 448 139.7c0-5-3.1-10.2-9-12.8L256 49.4zM269.4 2.9L457.7 82.8c22 9.3 38.4 31 38.3 57.2c-.5 99.2-41.3 280.7-213.6 363.2c-16.7 8-36.1 8-52.8 0C57.3 420.7 16.5 239.2 16 140c-.1-26.2 16.3-47.9 38.3-57.2L242.7 2.9C246.8 1 251.4 0 256 0s9.2 1 13.4 2.9z\"><\/path><\/svg><\/span><\/h2>\n\n<\/div><\/div>\n\n<div class=\"gb-grid-column gb-grid-column-fe7aa369\"><div class=\"gb-container gb-container-fe7aa369\">\n\n<h3 class=\"gb-headline gb-headline-eacb3eeb gb-headline-text\"><strong>Seguridad y protecci\u00f3n<\/strong>idad<\/h3>\n\n\n\n<p class=\"gb-headline gb-headline-f0d5b368 gb-headline-text\">Ponemos gran \u00e9nfasis en nuestros est\u00e1ndares de mantenimiento y garant\u00eda de calidad. <\/p>\n\n\n\n<p class=\"gb-headline gb-headline-75eb671e gb-headline-text\">Al igual que las mejores aerol\u00edneas del mundo, su experiencia comienza con nuestros veh\u00edculos seguros y de \u00faltima generaci\u00f3n y contin\u00faa incluyendo todo, desde c\u00f3mo y d\u00f3nde desea que lo recojan, hasta las solicitudes personalizadas que estaremos encantados de cumplir.<\/p>\n\n<\/div><\/div>\n<\/div>\n<\/div><\/div>\n\n<div class=\"gb-grid-column gb-grid-column-a8479f72\"><div class=\"gb-container gb-container-a8479f72\">\n<div class=\"gb-grid-wrapper gb-grid-wrapper-5b3fc5f4\">\n<div class=\"gb-grid-column gb-grid-column-05fcafd9\"><div class=\"gb-container gb-container-05fcafd9\">\n\n<h2 class=\"gb-headline gb-headline-3ccd9879\"><span class=\"gb-icon\"><svg xmlns=\"http:\/\/www.w3.org\/2000\/svg\" viewbox=\"0 0 576 512\"><path d=\"M176.9 48c6.4 160.7 44.3 231.4 71.8 261.7c13.7 15.1 25.9 21.4 33.1 24.1c2.6 1 4.7 1.5 6.1 1.9c1.4-.3 3.5-.9 6.1-1.9c7.2-2.7 19.4-9 33.1-24.1c27.5-30.3 65.5-101 71.8-261.7H176.9zM176 0H400c26.5 0 48.1 21.8 47.1 48.2c-.2 5.3-.4 10.6-.7 15.8H552c13.3 0 24 10.7 24 24c0 108.5-45.9 177.7-101.4 220.6c-53.9 41.7-115.7 57.6-149.5 63.7c-4.7 2.5-9.1 4.5-13.1 6.1V464h80c13.3 0 24 10.7 24 24s-10.7 24-24 24H288 184c-13.3 0-24-10.7-24-24s10.7-24 24-24h80V378.4c-4-1.6-8.4-3.6-13.1-6.1c-33.8-6-95.5-22-149.5-63.7C45.9 265.7 0 196.5 0 88C0 74.7 10.7 64 24 64H129.6c-.3-5.2-.5-10.4-.7-15.8C127.9 21.8 149.5 0 176 0zM390.8 302.6c18.1-8 36.8-18.4 54.4-32c40.6-31.3 75.9-80.2 81.9-158.6H442.7c-9.1 90.1-29.2 150.3-51.9 190.6zm-260-32c17.5 13.6 36.3 24 54.4 32c-22.7-40.3-42.8-100.5-51.9-190.6H48.9c6 78.4 41.3 127.3 81.9 158.6zM295.2 102.5l14.5 29.3c1.2 2.4 3.4 4 6 4.4l32.4 4.7c6.6 1 9.2 9 4.4 13.6l-23.4 22.8c-1.9 1.8-2.7 4.5-2.3 7.1l5.5 32.2c1.1 6.5-5.7 11.5-11.6 8.4l-29-15.2c-2.3-1.2-5.1-1.2-7.4 0l-29 15.2c-5.9 3.1-12.7-1.9-11.6-8.4l5.5-32.2c.4-2.6-.4-5.2-2.3-7.1l-23.4-22.8c-4.7-4.6-2.1-12.7 4.4-13.6l32.4-4.7c2.6-.4 4.9-2 6-4.4l14.5-29.3c2.9-5.9 11.4-5.9 14.3 0z\"><\/path><\/svg><\/span><\/h2>\n\n<\/div><\/div>\n\n<div class=\"gb-grid-column gb-grid-column-36e3553a\"><div class=\"gb-container gb-container-36e3553a\">\n\n<h3 class=\"gb-headline gb-headline-2a151269 gb-headline-text\"><strong>Una isla de lujo<\/strong><\/h3>\n\n\n\n<p class=\"gb-headline gb-headline-fb83bcd8 gb-headline-text\">Para satisfacer sus gustos y est\u00e1ndares refinados, ten\u00edamos que asegurarnos de que nuestros veh\u00edculos tuvieran el aspecto y la sensaci\u00f3n adecuados. Por eso, trabajamos incansablemente para garantizar la experiencia de transporte m\u00e1s c\u00f3moda posible.<\/p>\n\n\n\n<p class=\"gb-headline gb-headline-05143b6f gb-headline-text\">Los interiores impecables y las comodidades modernas se complementan con una garant\u00eda de calidad y est\u00e1ndares operativos que son literalmente los mejores en su clase.<\/p>\n\n\n\n<p class=\"gb-headline gb-headline-99a77447 gb-headline-text\">Ning\u00fan veh\u00edculo sale de nuestras instalaciones hasta que estemos seguros de su confiabilidad y rendimiento, lo que nos ayuda a crear la tranquilidad que nuestros clientes esperan y merecen.<\/p>\n\n<\/div><\/div>\n<\/div>\n<\/div><\/div>\n\n<div class=\"gb-grid-column gb-grid-column-c2bd0295\"><div class=\"gb-container gb-container-c2bd0295\">\n<div class=\"gb-grid-wrapper gb-grid-wrapper-c3aa59cc\">\n<div class=\"gb-grid-column gb-grid-column-440f56ef\"><div class=\"gb-container gb-container-440f56ef\">\n\n<h2 class=\"gb-headline gb-headline-42909218\"><span class=\"gb-icon\"><svg xmlns=\"http:\/\/www.w3.org\/2000\/svg\" viewbox=\"0 0 448 512\"><path d=\"M64 80c-8.8 0-16 7.2-16 16V416c0 8.8 7.2 16 16 16H384c8.8 0 16-7.2 16-16V96c0-8.8-7.2-16-16-16H64zM0 96C0 60.7 28.7 32 64 32H384c35.3 0 64 28.7 64 64V416c0 35.3-28.7 64-64 64H64c-35.3 0-64-28.7-64-64V96zM337 209L209 337c-9.4 9.4-24.6 9.4-33.9 0l-64-64c-9.4-9.4-9.4-24.6 0-33.9s24.6-9.4 33.9 0l47 47L303 175c9.4-9.4 24.6-9.4 33.9 0s9.4 24.6 0 33.9z\"><\/path><\/svg><\/span><\/h2>\n\n<\/div><\/div>\n\n<div class=\"gb-grid-column gb-grid-column-5846e148\"><div class=\"gb-container gb-container-5846e148\">\n\n<h3 class=\"gb-headline gb-headline-b33b7212 gb-headline-text\"><strong>El principio de certeza<\/strong><\/h3>\n\n\n\n<p class=\"gb-headline gb-headline-46c3e123 gb-headline-text\">La seguridad y el lujo no tienen sentido si nuestros clientes no obtienen lo que pagan: la certeza de que nos adaptaremos a su agenda y nos aseguraremos de que llegue a su cita en el destino correcto y en el momento correcto.&nbsp;<\/p>\n\n\n\n<p class=\"gb-headline gb-headline-fb6107fb gb-headline-text\">Utilizamos tecnolog\u00eda de datos y equipos de \u00faltima generaci\u00f3n que nos ayudan a lograrlo. El amplio conocimiento de nuestro personal sobre la localidad y las complicaciones viales espec\u00edficas le brindar\u00e1 la tranquilidad de que su reuni\u00f3n, boda o celebraci\u00f3n se realizar\u00e1 a tiempo y con estilo.<\/p>\n\n<\/div><\/div>\n<\/div>\n<\/div><\/div>\n<\/div>\n<\/div>\n<\/div><\/div>\n\n<div class=\"gb-grid-column gb-grid-column-cb0cd01d\"><div class=\"gb-container gb-container-cb0cd01d\"><\/div><\/div>\n<\/div>\n<\/div>\n<\/div>\n\n<div class=\"gb-container gb-container-d618406e\">\n<div class=\"gb-container gb-container-f6d9757c\">\n<div class=\"gb-grid-wrapper gb-grid-wrapper-d4b1e800\">\n<div class=\"gb-grid-column gb-grid-column-a8bef56f\"><div class=\"gb-container gb-container-a8bef56f\">\n\n<h2 class=\"gb-headline gb-headline-7da85a75 gb-headline-text\">Miami, el sur de Florida y m\u00e1s all\u00e1<\/h2>\n\n\n\n<p class=\"gb-headline gb-headline-54911560 gb-headline-text\">Encuentre un autom\u00f3vil en Miami, Fort Lauderdale, West Palm Beach, los Cayos de Florida y ciudades de todo Estados Unidos.<\/p>\n\n\n<div class=\"gb-container gb-container-b7eae40b\">\n\n<a class=\"gb-button gb-button-da9738d2 gb-button-text\" href=\"\/es\/reservations\/#book-now\">RESERVAR AHORA<\/a>\n\n\n\n<a class=\"gb-button gb-button-ef44015f gb-button-text\" href=\"tel:8777433229\">LLAMAR PARA RESERVAR<\/a>\n\n<\/div>\n<\/div><\/div>\n\n<div class=\"gb-grid-column gb-grid-column-e8dafa35\"><div class=\"gb-container gb-container-e8dafa35\">\n<div class=\"gb-container gb-container-337497e8\">\n\n<figure class=\"gb-block-image gb-block-image-66156179\"><img loading=\"lazy\" decoding=\"async\" width=\"1200\" height=\"669\" class=\"gb-image gb-image-66156179 shadowed\" src=\"https:\/\/limoservicesmiami.com\/wp-content\/uploads\/2024\/08\/lsm-map-new.webp\" alt=\"\" title=\"lsm-map-nuevo\" srcset=\"https:\/\/limoservicesmiami.com\/wp-content\/uploads\/2024\/08\/lsm-map-new.webp 1200w, https:\/\/limoservicesmiami.com\/wp-content\/uploads\/2024\/08\/lsm-map-new-300x167.webp 300w, https:\/\/limoservicesmiami.com\/wp-content\/uploads\/2024\/08\/lsm-map-new-1024x571.webp 1024w, https:\/\/limoservicesmiami.com\/wp-content\/uploads\/2024\/08\/lsm-map-new-768x428.webp 768w\" sizes=\"auto, (max-width: 1200px) 100vw, 1200px\" \/><\/figure>\n\n<\/div>\n<\/div><\/div>\n<\/div>\n<\/div>\n<\/div>","protected":false},"excerpt":{"rendered":"<p>Limusina del aeropuerto de Miami Limusina del aeropuerto de Miami<\/p>","protected":false},"author":2,"featured_media":0,"parent":0,"menu_order":0,"comment_status":"closed","ping_status":"closed","template":"","meta":{"footnotes":""},"class_list":["post-251","page","type-page","status-publish"],"yoast_head":"<!-- This site is optimized with the Yoast SEO plugin v27.3 - https:\/\/yoast.com\/product\/yoast-seo-wordpress\/ -->\n<title>Miami Airport Limo - Limo Services Miami<\/title>\n<meta name=\"description\" content=\"Get Miami airport limo services that allow you to ride in style. Start enjoying Miami straight from the airport. Awesome services. Affordable costs.\" \/>\n<meta name=\"robots\" content=\"index, follow, max-snippet:-1, max-image-preview:large, max-video-preview:-1\" \/>\n<link rel=\"canonical\" href=\"https:\/\/limoservicesmiami.com\/es\/miami-airport-limo\/\" \/>\n<meta property=\"og:locale\" content=\"es_MX\" \/>\n<meta property=\"og:type\" content=\"article\" \/>\n<meta property=\"og:title\" content=\"Miami Airport Limo - Limo Services Miami\" \/>\n<meta property=\"og:description\" content=\"Get Miami airport limo services that allow you to ride in style. Start enjoying Miami straight from the airport. Awesome services. Affordable costs.\" \/>\n<meta property=\"og:url\" content=\"https:\/\/limoservicesmiami.com\/es\/miami-airport-limo\/\" \/>\n<meta property=\"og:site_name\" content=\"Limo Services Miami\" \/>\n<meta property=\"article:modified_time\" content=\"2024-09-27T19:15:47+00:00\" \/>\n<meta property=\"og:image\" content=\"https:\/\/limoservicesmiami.com\/wp-content\/uploads\/2024\/05\/jet-approaching-runway-at-sunset.webp\" \/>\n<meta name=\"twitter:card\" content=\"summary_large_image\" \/>\n<meta name=\"twitter:label1\" content=\"Tiempo de lectura\" \/>\n\t<meta name=\"twitter:data1\" content=\"4 minutos\" \/>\n<script type=\"application\/ld+json\" class=\"yoast-schema-graph\">{\"@context\":\"https:\\\/\\\/schema.org\",\"@graph\":[{\"@type\":\"WebPage\",\"@id\":\"https:\\\/\\\/limoservicesmiami.com\\\/miami-airport-limo\\\/\",\"url\":\"https:\\\/\\\/limoservicesmiami.com\\\/miami-airport-limo\\\/\",\"name\":\"Miami Airport Limo - Limo Services Miami\",\"isPartOf\":{\"@id\":\"https:\\\/\\\/limoservicesmiami.com\\\/#website\"},\"primaryImageOfPage\":{\"@id\":\"https:\\\/\\\/limoservicesmiami.com\\\/miami-airport-limo\\\/#primaryimage\"},\"image\":{\"@id\":\"https:\\\/\\\/limoservicesmiami.com\\\/miami-airport-limo\\\/#primaryimage\"},\"thumbnailUrl\":\"https:\\\/\\\/limoservicesmiami.com\\\/wp-content\\\/uploads\\\/2024\\\/05\\\/jet-approaching-runway-at-sunset.webp\",\"datePublished\":\"2024-05-21T17:05:17+00:00\",\"dateModified\":\"2024-09-27T19:15:47+00:00\",\"description\":\"Get Miami airport limo services that allow you to ride in style. Start enjoying Miami straight from the airport. Awesome services. Affordable costs.\",\"breadcrumb\":{\"@id\":\"https:\\\/\\\/limoservicesmiami.com\\\/miami-airport-limo\\\/#breadcrumb\"},\"inLanguage\":\"es\",\"potentialAction\":[{\"@type\":\"ReadAction\",\"target\":[\"https:\\\/\\\/limoservicesmiami.com\\\/miami-airport-limo\\\/\"]}]},{\"@type\":\"ImageObject\",\"inLanguage\":\"es\",\"@id\":\"https:\\\/\\\/limoservicesmiami.com\\\/miami-airport-limo\\\/#primaryimage\",\"url\":\"https:\\\/\\\/limoservicesmiami.com\\\/wp-content\\\/uploads\\\/2024\\\/05\\\/jet-approaching-runway-at-sunset.webp\",\"contentUrl\":\"https:\\\/\\\/limoservicesmiami.com\\\/wp-content\\\/uploads\\\/2024\\\/05\\\/jet-approaching-runway-at-sunset.webp\"},{\"@type\":\"BreadcrumbList\",\"@id\":\"https:\\\/\\\/limoservicesmiami.com\\\/miami-airport-limo\\\/#breadcrumb\",\"itemListElement\":[{\"@type\":\"ListItem\",\"position\":1,\"name\":\"Home\",\"item\":\"https:\\\/\\\/limoservicesmiami.com\\\/\"},{\"@type\":\"ListItem\",\"position\":2,\"name\":\"Miami Airport Limo\"}]},{\"@type\":\"WebSite\",\"@id\":\"https:\\\/\\\/limoservicesmiami.com\\\/#website\",\"url\":\"https:\\\/\\\/limoservicesmiami.com\\\/\",\"name\":\"Limo Services Miami\",\"description\":\"\",\"publisher\":{\"@id\":\"https:\\\/\\\/limoservicesmiami.com\\\/#organization\"},\"potentialAction\":[{\"@type\":\"SearchAction\",\"target\":{\"@type\":\"EntryPoint\",\"urlTemplate\":\"https:\\\/\\\/limoservicesmiami.com\\\/?s={search_term_string}\"},\"query-input\":{\"@type\":\"PropertyValueSpecification\",\"valueRequired\":true,\"valueName\":\"search_term_string\"}}],\"inLanguage\":\"es\"},{\"@type\":\"Organization\",\"@id\":\"https:\\\/\\\/limoservicesmiami.com\\\/#organization\",\"name\":\"Limo Services Miami\",\"url\":\"https:\\\/\\\/limoservicesmiami.com\\\/\",\"logo\":{\"@type\":\"ImageObject\",\"inLanguage\":\"es\",\"@id\":\"https:\\\/\\\/limoservicesmiami.com\\\/#\\\/schema\\\/logo\\\/image\\\/\",\"url\":\"https:\\\/\\\/limoservicesmiami.com\\\/wp-content\\\/uploads\\\/2024\\\/06\\\/limo-services-miami-logo-square.webp\",\"contentUrl\":\"https:\\\/\\\/limoservicesmiami.com\\\/wp-content\\\/uploads\\\/2024\\\/06\\\/limo-services-miami-logo-square.webp\",\"width\":512,\"height\":512,\"caption\":\"Limo Services Miami\"},\"image\":{\"@id\":\"https:\\\/\\\/limoservicesmiami.com\\\/#\\\/schema\\\/logo\\\/image\\\/\"}}]}<\/script>\n<!-- \/ Yoast SEO plugin. -->","yoast_head_json":{"title":"Limusina del Aeropuerto de Miami - Servicios de Limusina en Miami","description":"Contrate servicios de limusina en el aeropuerto de Miami que le permitan viajar con estilo. Disfrute de Miami directamente desde el aeropuerto. Servicios excelentes. Precios accesibles.","robots":{"index":"index","follow":"follow","max-snippet":"max-snippet:-1","max-image-preview":"max-image-preview:large","max-video-preview":"max-video-preview:-1"},"canonical":"https:\/\/limoservicesmiami.com\/es\/miami-airport-limo\/","og_locale":"es_MX","og_type":"article","og_title":"Miami Airport Limo - Limo Services Miami","og_description":"Get Miami airport limo services that allow you to ride in style. Start enjoying Miami straight from the airport. Awesome services. Affordable costs.","og_url":"https:\/\/limoservicesmiami.com\/es\/miami-airport-limo\/","og_site_name":"Limo Services Miami","article_modified_time":"2024-09-27T19:15:47+00:00","og_image":[{"url":"https:\/\/limoservicesmiami.com\/wp-content\/uploads\/2024\/05\/jet-approaching-runway-at-sunset.webp","type":"","width":"","height":""}],"twitter_card":"summary_large_image","twitter_misc":{"Tiempo de lectura":"4 minutos"},"schema":{"@context":"https:\/\/schema.org","@graph":[{"@type":"WebPage","@id":"https:\/\/limoservicesmiami.com\/miami-airport-limo\/","url":"https:\/\/limoservicesmiami.com\/miami-airport-limo\/","name":"Limusina del Aeropuerto de Miami - Servicios de Limusina en Miami","isPartOf":{"@id":"https:\/\/limoservicesmiami.com\/#website"},"primaryImageOfPage":{"@id":"https:\/\/limoservicesmiami.com\/miami-airport-limo\/#primaryimage"},"image":{"@id":"https:\/\/limoservicesmiami.com\/miami-airport-limo\/#primaryimage"},"thumbnailUrl":"https:\/\/limoservicesmiami.com\/wp-content\/uploads\/2024\/05\/jet-approaching-runway-at-sunset.webp","datePublished":"2024-05-21T17:05:17+00:00","dateModified":"2024-09-27T19:15:47+00:00","description":"Contrate servicios de limusina en el aeropuerto de Miami que le permitan viajar con estilo. Disfrute de Miami directamente desde el aeropuerto. Servicios excelentes. Precios accesibles.","breadcrumb":{"@id":"https:\/\/limoservicesmiami.com\/miami-airport-limo\/#breadcrumb"},"inLanguage":"es","potentialAction":[{"@type":"ReadAction","target":["https:\/\/limoservicesmiami.com\/miami-airport-limo\/"]}]},{"@type":"ImageObject","inLanguage":"es","@id":"https:\/\/limoservicesmiami.com\/miami-airport-limo\/#primaryimage","url":"https:\/\/limoservicesmiami.com\/wp-content\/uploads\/2024\/05\/jet-approaching-runway-at-sunset.webp","contentUrl":"https:\/\/limoservicesmiami.com\/wp-content\/uploads\/2024\/05\/jet-approaching-runway-at-sunset.webp"},{"@type":"BreadcrumbList","@id":"https:\/\/limoservicesmiami.com\/miami-airport-limo\/#breadcrumb","itemListElement":[{"@type":"ListItem","position":1,"name":"Home","item":"https:\/\/limoservicesmiami.com\/"},{"@type":"ListItem","position":2,"name":"Miami Airport Limo"}]},{"@type":"WebSite","@id":"https:\/\/limoservicesmiami.com\/#website","url":"https:\/\/limoservicesmiami.com\/","name":"Servicios de limusina en Miami","description":"","publisher":{"@id":"https:\/\/limoservicesmiami.com\/#organization"},"potentialAction":[{"@type":"SearchAction","target":{"@type":"EntryPoint","urlTemplate":"https:\/\/limoservicesmiami.com\/?s={search_term_string}"},"query-input":{"@type":"PropertyValueSpecification","valueRequired":true,"valueName":"search_term_string"}}],"inLanguage":"es"},{"@type":"Organization","@id":"https:\/\/limoservicesmiami.com\/#organization","name":"Servicios de limusina en Miami","url":"https:\/\/limoservicesmiami.com\/","logo":{"@type":"ImageObject","inLanguage":"es","@id":"https:\/\/limoservicesmiami.com\/#\/schema\/logo\/image\/","url":"https:\/\/limoservicesmiami.com\/wp-content\/uploads\/2024\/06\/limo-services-miami-logo-square.webp","contentUrl":"https:\/\/limoservicesmiami.com\/wp-content\/uploads\/2024\/06\/limo-services-miami-logo-square.webp","width":512,"height":512,"caption":"Limo Services Miami"},"image":{"@id":"https:\/\/limoservicesmiami.com\/#\/schema\/logo\/image\/"}}]}},"_links":{"self":[{"href":"https:\/\/limoservicesmiami.com\/es\/wp-json\/wp\/v2\/pages\/251","targetHints":{"allow":["GET"]}}],"collection":[{"href":"https:\/\/limoservicesmiami.com\/es\/wp-json\/wp\/v2\/pages"}],"about":[{"href":"https:\/\/limoservicesmiami.com\/es\/wp-json\/wp\/v2\/types\/page"}],"author":[{"embeddable":true,"href":"https:\/\/limoservicesmiami.com\/es\/wp-json\/wp\/v2\/users\/2"}],"replies":[{"embeddable":true,"href":"https:\/\/limoservicesmiami.com\/es\/wp-json\/wp\/v2\/comments?post=251"}],"version-history":[{"count":47,"href":"https:\/\/limoservicesmiami.com\/es\/wp-json\/wp\/v2\/pages\/251\/revisions"}],"predecessor-version":[{"id":4412,"href":"https:\/\/limoservicesmiami.com\/es\/wp-json\/wp\/v2\/pages\/251\/revisions\/4412"}],"wp:attachment":[{"href":"https:\/\/limoservicesmiami.com\/es\/wp-json\/wp\/v2\/media?parent=251"}],"curies":[{"name":"gracias","href":"https:\/\/api.w.org\/{rel}","templated":true}]}}