{"id":228,"date":"2024-05-21T14:25:20","date_gmt":"2024-05-21T14:25:20","guid":{"rendered":"https:\/\/limoservicesmiami.com\/?page_id=228"},"modified":"2024-09-27T19:14:47","modified_gmt":"2024-09-27T19:14:47","slug":"airport-limo-services","status":"publish","type":"page","link":"https:\/\/limoservicesmiami.com\/es\/airport-limo-services\/","title":{"rendered":"Servicios de limusina en el aeropuerto"},"content":{"rendered":"<div class=\"gb-container gb-container-6cdd0407 alignfull\">\n\n<video loop muted autoplay playsinline poster=\"\" class=\"background-video\">\n    <source src=\"\/wp-content\/uploads\/2024\/06\/miami-timelapse-day.mp4\" type=\"video\/mp4\">\n    <source src=\"\/wp-content\/uploads\/2024\/06\/miami-timelapse-day.mp4\" type=\"video\/webm\"> \n    <source src=\"\/wp-content\/uploads\/2024\/06\/miami-timelapse-day.mp4\" type=\"video\/ogv\">\n<\/video>\n\n\n<div class=\"gb-container gb-container-61f04905 background-video-content\">\n\n<h2 class=\"gb-headline gb-headline-ed301297 gb-headline-text\">Servicios de limusina en el aeropuerto<\/h2>\n\n\n<div class=\"gb-container gb-container-3637121d\">\n\n<a class=\"gb-button gb-button-cc418c4c gb-button-text\" href=\"\/es\/reservations\/#book-now\">RESERVAR AHORA<\/a>\n\n\n\n<a class=\"gb-button gb-button-30e642fc gb-button-text\" href=\"tel:8777433229\">LLAMAR PARA RESERVAR<\/a>\n\n<\/div>\n<\/div>\n<\/div>\n\n<div class=\"gb-container gb-container-e3866783\">\n<div class=\"gb-container gb-container-a2c5fea3\">\n\n<h2 class=\"gb-headline gb-headline-7c7205fa gb-headline-text\">Servicios de limusina en el aeropuerto<\/h2>\n\n\n<div class=\"gb-container gb-container-d859663a\">\n\n<a class=\"gb-button gb-button-5fd3b151 gb-button-text\" href=\"\/es\/reservations\/\">RESERVAR AHORA<\/a>\n\n\n\n<a class=\"gb-button gb-button-041e3e6e gb-button-text\" href=\"tel:8777433229\">LLAMAR PARA RESERVAR<\/a>\n\n<\/div>\n<\/div>\n<\/div>\n\n<div class=\"gb-container gb-container-f386d8dc\">\n<div class=\"gb-container gb-container-9ef06189\">\n\n<h2 class=\"gb-headline gb-headline-ec6f185c gb-headline-text\">Cuente con Limo Services Miami en todo momento<\/h2>\n\n\n\n<h2 class=\"gb-headline gb-headline-afa2c899 gb-headline-text\">Los viajes a\u00e9reos comerciales son un milagro de eficiencia, seguridad y econom\u00eda. Si comparamos la forma en que viajamos de costa a costa hoy en d\u00eda con la forma en que lo hac\u00edan nuestros bisabuelos, tenemos mucho por lo que estar agradecidos.<\/h2>\n\n\n\n<h2 class=\"gb-headline gb-headline-4c62e52e gb-headline-text\">Es cierto que las colas de seguridad son una molestia, pero una vez pasadas, el resto es casi m\u00e1gico. \u00a1De Miami a Nueva York en poco m\u00e1s de dos horas! Los servicios de limusina del aeropuerto de Miami completan la experiencia.<\/h2>\n\n<\/div>\n<\/div>\n\n<div class=\"gb-container gb-container-5ee3282f\">\n<div class=\"gb-container gb-container-778d58f1\">\n<div class=\"gb-grid-wrapper gb-grid-wrapper-f6b794e1\">\n<div class=\"gb-grid-column gb-grid-column-f8b7b12e\"><div class=\"gb-container gb-container-f8b7b12e\">\n\n<h2 class=\"gb-headline gb-headline-1050796b gb-headline-text\"><strong>La mejor opci\u00f3n<\/strong><\/h2>\n\n\n\n<p class=\"gb-headline gb-headline-336b0121 gb-headline-text\">De hecho, hoy en d\u00eda los viajes de ida y vuelta a los aeropuertos son, en muchos sentidos, la parte m\u00e1s dif\u00edcil de cualquier viaje. Llegar desde Pompano Beach al Aeropuerto Internacional de Ft. Lauderdale-Hollywood es m\u00e1s complicado que el vuelo desde FLL a Los \u00c1ngeles.<\/p>\n\n\n\n<p class=\"gb-headline gb-headline-504ddac2 gb-headline-text\">Tr\u00e1fico, aparcamiento, transporte de equipaje desde el aparcamiento hasta la terminal y todo ello con el reloj corriendo. As\u00ed no se empieza un viaje.<\/p>\n\n\n\n<p class=\"gb-headline gb-headline-e0cb3957 gb-headline-text\">Es evidente que es mejor que nos lleven al aeropuerto en coche. Podemos pedirle a un amigo o familiar que nos lleve y que comparta con \u00e9l la presi\u00f3n del tr\u00e1fico y del tiempo. O podemos contratar un transporte.<\/p>\n\n\n\n<a class=\"gb-button gb-button-e839a6fb gb-button-text\" href=\"\/es\/reservations\/\">RESERVAR AHORA<\/a>\n\n<\/div><\/div>\n\n<div class=\"gb-grid-column gb-grid-column-d46a7613\"><div class=\"gb-container gb-container-d46a7613\">\n\n<h2 class=\"gb-headline gb-headline-f43b2dc8 gb-headline-text\"><strong>Superior a los viajes compartidos<\/strong><\/h2>\n\n\n\n<p class=\"gb-headline gb-headline-7a2cd288 gb-headline-text\">Los taxis y los servicios de transporte compartido (como Uber y Lyft) son dos opciones. En realidad, tienen mucho en com\u00fan con la soluci\u00f3n de un amigo o familiar, excepto que los conductores son completos desconocidos.<\/p>\n\n\n\n<p class=\"gb-headline gb-headline-74da4d1b gb-headline-text\">Pueden ser conductores experimentados y competentes o personajes dudosos en su primer d\u00eda de trabajo. Adem\u00e1s, sus veh\u00edculos pueden estar en condiciones seguras de funcionamiento o no. Los taxis, en particular, no son famosos por su estado mec\u00e1nico o su limpieza. O por llegar a tiempo.<\/p>\n\n\n\n<a class=\"gb-button gb-button-996cde2d gb-button-text\" href=\"\/es\/reservations\/\">RESERVAR AHORA<\/a>\n\n<\/div><\/div>\n\n<div class=\"gb-grid-column gb-grid-column-b14a186d\"><div class=\"gb-container gb-container-b14a186d\">\n\n<h2 class=\"gb-headline gb-headline-f0aa4452 gb-headline-text\"><strong>Una experiencia de lujo<\/strong><\/h2>\n\n\n\n<p class=\"gb-headline gb-headline-cb073d5c gb-headline-text\">Imag\u00ednese, en cambio, que cuando est\u00e9 listo para partir hacia el aeropuerto, una limusina impecable e inmaculada lo estar\u00e1 esperando discretamente junto a su puerta. Un amable chofer lo acomodar\u00e1 en un c\u00f3modo asiento con aire acondicionado y luego cargar\u00e1 su equipaje mientras usted se acomoda en un lujoso y perfecto lugar.<\/p>\n\n\n\n<p class=\"gb-headline gb-headline-b608c071 gb-headline-text\">El viaje en s\u00ed es lo m\u00e1s parecido a sentarse en el sal\u00f3n de un hotel de 5 estrellas que puede ser un veh\u00edculo en movimiento. No tiene que preocuparse en absoluto por las rutas, el tr\u00e1fico, el estacionamiento o el traslado a su terminal. Su chofer, por supuesto, se encarga de todo eso. Usted simplemente llega, con tiempo de sobra, relajado y listo para disfrutar de su vuelo. Limo Services Miami est\u00e1 completamente autorizado para operar en todos los aeropuertos principales del sur de Florida.<\/p>\n\n\n\n<a class=\"gb-button gb-button-3c56f850 gb-button-text\" href=\"\/es\/reservations\/\">RESERVAR AHORA<\/a>\n\n<\/div><\/div>\n\n<div class=\"gb-grid-column gb-grid-column-0fcae593\"><div class=\"gb-container gb-container-0fcae593\">\n\n<h2 class=\"gb-headline gb-headline-34b16d9d gb-headline-text\"><strong>Excelencia, siempre<\/strong><\/h2>\n\n\n\n<p class=\"gb-headline gb-headline-b2a59363 gb-headline-text\">Esa es, sin duda, la manera de comenzar un viaje. Y no hace falta que lo imagines. Puedes hacerlo cuando quieras. Limo Services Miami est\u00e1 disponible para ti las 24 horas del d\u00eda, los 7 d\u00edas de la semana. Al aeropuerto o desde el aeropuerto a cualquier destino local que elijas.<\/p>\n\n\n\n<a class=\"gb-button gb-button-afb6d05e gb-button-text\" href=\"\/es\/reservations\/\">RESERVAR AHORA<\/a>\n\n<\/div><\/div>\n<\/div>\n<\/div>\n<\/div>\n\n<div class=\"gb-container gb-container-d618406e\">\n<div class=\"gb-container gb-container-f6d9757c\">\n<div class=\"gb-grid-wrapper gb-grid-wrapper-d4b1e800\">\n<div class=\"gb-grid-column gb-grid-column-a8bef56f\"><div class=\"gb-container gb-container-a8bef56f\">\n\n<h2 class=\"gb-headline gb-headline-7da85a75 gb-headline-text\">Miami, el sur de Florida y m\u00e1s all\u00e1<\/h2>\n\n\n\n<p class=\"gb-headline gb-headline-54911560 gb-headline-text\">Encuentre un autom\u00f3vil en Miami, Fort Lauderdale, West Palm Beach, los Cayos de Florida y ciudades de todo Estados Unidos.<\/p>\n\n\n<div class=\"gb-container gb-container-b7eae40b\">\n\n<a class=\"gb-button gb-button-da9738d2 gb-button-text\" href=\"\/es\/reservations\/#book-now\">RESERVAR AHORA<\/a>\n\n\n\n<a class=\"gb-button gb-button-ef44015f gb-button-text\" href=\"tel:8777433229\">LLAMAR PARA RESERVAR<\/a>\n\n<\/div>\n<\/div><\/div>\n\n<div class=\"gb-grid-column gb-grid-column-e8dafa35\"><div class=\"gb-container gb-container-e8dafa35\">\n<div class=\"gb-container gb-container-337497e8\">\n\n<figure class=\"gb-block-image gb-block-image-66156179\"><img loading=\"lazy\" decoding=\"async\" width=\"1200\" height=\"669\" class=\"gb-image gb-image-66156179 shadowed\" src=\"https:\/\/limoservicesmiami.com\/wp-content\/uploads\/2024\/08\/lsm-map-new.webp\" alt=\"\" title=\"lsm-map-nuevo\" srcset=\"https:\/\/limoservicesmiami.com\/wp-content\/uploads\/2024\/08\/lsm-map-new.webp 1200w, https:\/\/limoservicesmiami.com\/wp-content\/uploads\/2024\/08\/lsm-map-new-300x167.webp 300w, https:\/\/limoservicesmiami.com\/wp-content\/uploads\/2024\/08\/lsm-map-new-1024x571.webp 1024w, https:\/\/limoservicesmiami.com\/wp-content\/uploads\/2024\/08\/lsm-map-new-768x428.webp 768w\" sizes=\"auto, (max-width: 1200px) 100vw, 1200px\" \/><\/figure>\n\n<\/div>\n<\/div><\/div>\n<\/div>\n<\/div>\n<\/div>","protected":false},"excerpt":{"rendered":"<p>Servicios de limusina para aeropuertos Servicios de limusina para aeropuertos Cuente con los servicios de limusina de Miami en todo momento Los viajes a\u00e9reos comerciales son un milagro de eficiencia, seguridad y econom\u00eda. Si comparamos la forma en que viajamos de costa a costa hoy en d\u00eda con la forma en que lo hac\u00edan nuestros bisabuelos, tenemos mucho por lo que estar agradecidos. Es cierto que las filas de seguridad son una molestia, pero\u2026 <a title=\"Servicios de limusina en el aeropuerto\" class=\"read-more\" href=\"https:\/\/limoservicesmiami.com\/es\/airport-limo-services\/\" aria-label=\"Leer m\u00e1s sobre Servicios de Limusina en Aeropuertos\">Leer m\u00e1s<\/a><\/p>","protected":false},"author":2,"featured_media":0,"parent":0,"menu_order":0,"comment_status":"closed","ping_status":"closed","template":"","meta":{"footnotes":""},"class_list":["post-228","page","type-page","status-publish"],"yoast_head":"<!-- This site is optimized with the Yoast SEO plugin v27.4 - https:\/\/yoast.com\/product\/yoast-seo-wordpress\/ -->\n<title>Airport Limousine Services - Limo Services Miami<\/title>\n<meta name=\"robots\" content=\"index, follow, max-snippet:-1, max-image-preview:large, max-video-preview:-1\" \/>\n<link rel=\"canonical\" href=\"https:\/\/limoservicesmiami.com\/es\/airport-limo-services\/\" \/>\n<meta property=\"og:locale\" content=\"es_MX\" \/>\n<meta property=\"og:type\" content=\"article\" \/>\n<meta property=\"og:title\" content=\"Airport Limousine Services - Limo Services Miami\" \/>\n<meta property=\"og:description\" content=\"Airport Limo Services Airport Limo Services Count On Limo Services Miami Every Time Commercial air travel is a miracle of efficiency, safety, and economy. If we compare the way we travel coast-to-coast nowadays with the way our great-grandfathers did, we\u2019ve got a lot to be thankful for. True, the security lines are a nuisance, but ... Read more\" \/>\n<meta property=\"og:url\" content=\"https:\/\/limoservicesmiami.com\/es\/airport-limo-services\/\" \/>\n<meta property=\"og:site_name\" content=\"Limo Services Miami\" \/>\n<meta property=\"article:modified_time\" content=\"2024-09-27T19:14:47+00:00\" \/>\n<meta name=\"twitter:card\" content=\"summary_large_image\" \/>\n<meta name=\"twitter:label1\" content=\"Tiempo de lectura\" \/>\n\t<meta name=\"twitter:data1\" content=\"3 minutos\" \/>\n<script type=\"application\/ld+json\" class=\"yoast-schema-graph\">{\"@context\":\"https:\\\/\\\/schema.org\",\"@graph\":[{\"@type\":\"WebPage\",\"@id\":\"https:\\\/\\\/limoservicesmiami.com\\\/airport-limo-services\\\/\",\"url\":\"https:\\\/\\\/limoservicesmiami.com\\\/airport-limo-services\\\/\",\"name\":\"Airport Limousine Services - Limo Services Miami\",\"isPartOf\":{\"@id\":\"https:\\\/\\\/limoservicesmiami.com\\\/#website\"},\"datePublished\":\"2024-05-21T14:25:20+00:00\",\"dateModified\":\"2024-09-27T19:14:47+00:00\",\"breadcrumb\":{\"@id\":\"https:\\\/\\\/limoservicesmiami.com\\\/airport-limo-services\\\/#breadcrumb\"},\"inLanguage\":\"es\",\"potentialAction\":[{\"@type\":\"ReadAction\",\"target\":[\"https:\\\/\\\/limoservicesmiami.com\\\/airport-limo-services\\\/\"]}]},{\"@type\":\"BreadcrumbList\",\"@id\":\"https:\\\/\\\/limoservicesmiami.com\\\/airport-limo-services\\\/#breadcrumb\",\"itemListElement\":[{\"@type\":\"ListItem\",\"position\":1,\"name\":\"Home\",\"item\":\"https:\\\/\\\/limoservicesmiami.com\\\/\"},{\"@type\":\"ListItem\",\"position\":2,\"name\":\"Airport Limousine Services\"}]},{\"@type\":\"WebSite\",\"@id\":\"https:\\\/\\\/limoservicesmiami.com\\\/#website\",\"url\":\"https:\\\/\\\/limoservicesmiami.com\\\/\",\"name\":\"Limo Services Miami\",\"description\":\"\",\"publisher\":{\"@id\":\"https:\\\/\\\/limoservicesmiami.com\\\/#organization\"},\"potentialAction\":[{\"@type\":\"SearchAction\",\"target\":{\"@type\":\"EntryPoint\",\"urlTemplate\":\"https:\\\/\\\/limoservicesmiami.com\\\/?s={search_term_string}\"},\"query-input\":{\"@type\":\"PropertyValueSpecification\",\"valueRequired\":true,\"valueName\":\"search_term_string\"}}],\"inLanguage\":\"es\"},{\"@type\":\"Organization\",\"@id\":\"https:\\\/\\\/limoservicesmiami.com\\\/#organization\",\"name\":\"Limo Services Miami\",\"url\":\"https:\\\/\\\/limoservicesmiami.com\\\/\",\"logo\":{\"@type\":\"ImageObject\",\"inLanguage\":\"es\",\"@id\":\"https:\\\/\\\/limoservicesmiami.com\\\/#\\\/schema\\\/logo\\\/image\\\/\",\"url\":\"https:\\\/\\\/limoservicesmiami.com\\\/wp-content\\\/uploads\\\/2024\\\/06\\\/limo-services-miami-logo-square.webp\",\"contentUrl\":\"https:\\\/\\\/limoservicesmiami.com\\\/wp-content\\\/uploads\\\/2024\\\/06\\\/limo-services-miami-logo-square.webp\",\"width\":512,\"height\":512,\"caption\":\"Limo Services Miami\"},\"image\":{\"@id\":\"https:\\\/\\\/limoservicesmiami.com\\\/#\\\/schema\\\/logo\\\/image\\\/\"}}]}<\/script>\n<!-- \/ Yoast SEO plugin. -->","yoast_head_json":{"title":"Servicios de limusina en el aeropuerto - Servicios de limusina en Miami","robots":{"index":"index","follow":"follow","max-snippet":"max-snippet:-1","max-image-preview":"max-image-preview:large","max-video-preview":"max-video-preview:-1"},"canonical":"https:\/\/limoservicesmiami.com\/es\/airport-limo-services\/","og_locale":"es_MX","og_type":"article","og_title":"Airport Limousine Services - Limo Services Miami","og_description":"Airport Limo Services Airport Limo Services Count On Limo Services Miami Every Time Commercial air travel is a miracle of efficiency, safety, and economy. If we compare the way we travel coast-to-coast nowadays with the way our great-grandfathers did, we\u2019ve got a lot to be thankful for. True, the security lines are a nuisance, but ... Read more","og_url":"https:\/\/limoservicesmiami.com\/es\/airport-limo-services\/","og_site_name":"Limo Services Miami","article_modified_time":"2024-09-27T19:14:47+00:00","twitter_card":"summary_large_image","twitter_misc":{"Tiempo de lectura":"3 minutos"},"schema":{"@context":"https:\/\/schema.org","@graph":[{"@type":"WebPage","@id":"https:\/\/limoservicesmiami.com\/airport-limo-services\/","url":"https:\/\/limoservicesmiami.com\/airport-limo-services\/","name":"Servicios de limusina en el aeropuerto - Servicios de limusina en Miami","isPartOf":{"@id":"https:\/\/limoservicesmiami.com\/#website"},"datePublished":"2024-05-21T14:25:20+00:00","dateModified":"2024-09-27T19:14:47+00:00","breadcrumb":{"@id":"https:\/\/limoservicesmiami.com\/airport-limo-services\/#breadcrumb"},"inLanguage":"es","potentialAction":[{"@type":"ReadAction","target":["https:\/\/limoservicesmiami.com\/airport-limo-services\/"]}]},{"@type":"BreadcrumbList","@id":"https:\/\/limoservicesmiami.com\/airport-limo-services\/#breadcrumb","itemListElement":[{"@type":"ListItem","position":1,"name":"Home","item":"https:\/\/limoservicesmiami.com\/"},{"@type":"ListItem","position":2,"name":"Airport Limousine Services"}]},{"@type":"WebSite","@id":"https:\/\/limoservicesmiami.com\/#website","url":"https:\/\/limoservicesmiami.com\/","name":"Servicios de limusina en Miami","description":"","publisher":{"@id":"https:\/\/limoservicesmiami.com\/#organization"},"potentialAction":[{"@type":"SearchAction","target":{"@type":"EntryPoint","urlTemplate":"https:\/\/limoservicesmiami.com\/?s={search_term_string}"},"query-input":{"@type":"PropertyValueSpecification","valueRequired":true,"valueName":"search_term_string"}}],"inLanguage":"es"},{"@type":"Organization","@id":"https:\/\/limoservicesmiami.com\/#organization","name":"Servicios de limusina en Miami","url":"https:\/\/limoservicesmiami.com\/","logo":{"@type":"ImageObject","inLanguage":"es","@id":"https:\/\/limoservicesmiami.com\/#\/schema\/logo\/image\/","url":"https:\/\/limoservicesmiami.com\/wp-content\/uploads\/2024\/06\/limo-services-miami-logo-square.webp","contentUrl":"https:\/\/limoservicesmiami.com\/wp-content\/uploads\/2024\/06\/limo-services-miami-logo-square.webp","width":512,"height":512,"caption":"Limo Services Miami"},"image":{"@id":"https:\/\/limoservicesmiami.com\/#\/schema\/logo\/image\/"}}]}},"_links":{"self":[{"href":"https:\/\/limoservicesmiami.com\/es\/wp-json\/wp\/v2\/pages\/228","targetHints":{"allow":["GET"]}}],"collection":[{"href":"https:\/\/limoservicesmiami.com\/es\/wp-json\/wp\/v2\/pages"}],"about":[{"href":"https:\/\/limoservicesmiami.com\/es\/wp-json\/wp\/v2\/types\/page"}],"author":[{"embeddable":true,"href":"https:\/\/limoservicesmiami.com\/es\/wp-json\/wp\/v2\/users\/2"}],"replies":[{"embeddable":true,"href":"https:\/\/limoservicesmiami.com\/es\/wp-json\/wp\/v2\/comments?post=228"}],"version-history":[{"count":14,"href":"https:\/\/limoservicesmiami.com\/es\/wp-json\/wp\/v2\/pages\/228\/revisions"}],"predecessor-version":[{"id":4405,"href":"https:\/\/limoservicesmiami.com\/es\/wp-json\/wp\/v2\/pages\/228\/revisions\/4405"}],"wp:attachment":[{"href":"https:\/\/limoservicesmiami.com\/es\/wp-json\/wp\/v2\/media?parent=228"}],"curies":[{"name":"gracias","href":"https:\/\/api.w.org\/{rel}","templated":true}]}}