{"id":20,"date":"2024-05-03T16:53:03","date_gmt":"2024-05-03T16:53:03","guid":{"rendered":"https:\/\/limoservicesmiami.com\/?page_id=20"},"modified":"2024-09-27T19:13:05","modified_gmt":"2024-09-27T19:13:05","slug":"about-us","status":"publish","type":"page","link":"https:\/\/limoservicesmiami.com\/es\/about-us\/","title":{"rendered":"Sobre nosotros"},"content":{"rendered":"<div class=\"gb-container gb-container-6cdd0407 alignfull\">\n\n<video loop muted autoplay playsinline poster=\"\" class=\"background-video\">\n    <source src=\"\/wp-content\/uploads\/2024\/06\/miami-timelapse-day.mp4\" type=\"video\/mp4\">\n    <source src=\"\/wp-content\/uploads\/2024\/06\/miami-timelapse-day.mp4\" type=\"video\/webm\"> \n    <source src=\"\/wp-content\/uploads\/2024\/06\/miami-timelapse-day.mp4\" type=\"video\/ogv\">\n<\/video>\n\n\n<div class=\"gb-container gb-container-61f04905 background-video-content\">\n\n<h2 class=\"gb-headline gb-headline-ed301297 gb-headline-text\">Sobre nosotros<\/h2>\n\n\n<div class=\"gb-container gb-container-3637121d\">\n\n<a class=\"gb-button gb-button-cc418c4c gb-button-text\" href=\"\/es\/reservations\/#book-now\">RESERVAR AHORA<\/a>\n\n\n\n<a class=\"gb-button gb-button-30e642fc gb-button-text\" href=\"tel:8777433229\">LLAMAR PARA RESERVAR<\/a>\n\n<\/div>\n<\/div>\n<\/div>\n\n<div class=\"gb-container gb-container-e3866783\">\n<div class=\"gb-container gb-container-801a76c3\">\n\n<h2 class=\"gb-headline gb-headline-bd0ff9c5 gb-headline-text\">Sobre nosotros<\/h2>\n\n\n\n<p class=\"gb-headline gb-headline-52671910 gb-headline-text\">Profesionalismo de clase mundial, comodidad inigualable.<\/p>\n\n\n<div class=\"gb-container gb-container-ecb9b1b0\">\n\n<a class=\"gb-button gb-button-5ee6f224 gb-button-text\" href=\"\/es\/reservations\/\">RESERVAR AHORA<\/a>\n\n\n\n<a class=\"gb-button gb-button-080d3a84 gb-button-text\" href=\"tel:8777433229\">LLAMAR PARA RESERVAR<\/a>\n\n<\/div>\n<\/div>\n<\/div>\n\n<div class=\"gb-container gb-container-f386d8dc\">\n<div class=\"gb-container gb-container-9ef06189\">\n<div class=\"gb-container gb-container-678e68d8\">\n<div class=\"gb-container gb-container-683255c3\">\n\n<h2 class=\"gb-headline gb-headline-ec6f185c gb-headline-text\">Bienvenido a Limo Services Miami<\/h2>\n\n<\/div>\n<\/div>\n\n\n<h2 class=\"gb-headline gb-headline-afa2c899 gb-headline-text\">Ofrecemos seguridad, confiabilidad y lujo sin concesiones en cada viaje.<\/h2>\n\n<\/div>\n<\/div>\n\n<div class=\"gb-container gb-container-5ee3282f\">\n<div class=\"gb-container gb-container-778d58f1\">\n<div class=\"gb-grid-wrapper gb-grid-wrapper-f6b794e1\">\n<div class=\"gb-grid-column gb-grid-column-f8b7b12e\"><div class=\"gb-container gb-container-f8b7b12e\">\n\n<h2 class=\"gb-headline gb-headline-1050796b gb-headline-text\"><strong>Seguro y protegido<\/strong><\/h2>\n\n\n\n<p class=\"gb-headline gb-headline-336b0121 gb-headline-text\">Nuestros veh\u00edculos y choferes encierran a los clientes en una burbuja de seguridad. Los est\u00e1ndares de mantenimiento de veh\u00edculos y la garant\u00eda de calidad de Limo Services Miami son incomparables. Nunca enviaremos un veh\u00edculo a menos que est\u00e9 en perfectas condiciones.<\/p>\n\n\n\n<p class=\"gb-headline gb-headline-504ddac2 gb-headline-text\">Nuestro personal de choferes tambi\u00e9n ha sido seleccionado, capacitado y tiene mucha experiencia. Exigimos a todos los miembros de nuestro equipo que rindan cuentas de manera rigurosa y constante.<\/p>\n\n\n\n<a class=\"gb-button gb-button-e839a6fb gb-button-text\" href=\"\/es\/reservations\/#book-now\">RESERVAR AHORA<\/a>\n\n<\/div><\/div>\n\n<div class=\"gb-grid-column gb-grid-column-d46a7613\"><div class=\"gb-container gb-container-d46a7613\">\n\n<h2 class=\"gb-headline gb-headline-f43b2dc8 gb-headline-text\"><strong>Una isla de lujo<\/strong><\/h2>\n\n\n\n<p class=\"gb-headline gb-headline-7a2cd288 gb-headline-text\">La comodidad comienza con un interior del veh\u00edculo impecable y bien equipado. Nuestro programa de control de calidad de flotas nunca permite que un veh\u00edculo salga a la carretera a menos que est\u00e9 impecable, tanto por dentro como por fuera, y a menos que todos los accesorios interiores funcionen correctamente y los cinco sentidos del pasajero est\u00e9n satisfechos.<\/p>\n\n\n\n<p class=\"gb-headline gb-headline-5838c61c gb-headline-text\">Nuestros choferes completan la experiencia de la isla del lujo con la cortes\u00eda sobria e impecable que ense\u00f1amos y exigimos. No es f\u00e1cil brindar servicios completos y al mismo tiempo discretos. Sin embargo, lo hacemos. Aplicamos nuestros a\u00f1os de experiencia y estudio para perfeccionar la actitud de servicio al cliente de nuestro personal.<\/p>\n\n\n\n<a class=\"gb-button gb-button-996cde2d gb-button-text\" href=\"\/es\/reservations\/#book-now\">RESERVAR AHORA<\/a>\n\n<\/div><\/div>\n\n<div class=\"gb-grid-column gb-grid-column-b14a186d\"><div class=\"gb-container gb-container-b14a186d\">\n\n<h2 class=\"gb-headline gb-headline-f0aa4452 gb-headline-text\"><strong>El principio de certeza<\/strong><\/h2>\n\n\n\n<p class=\"gb-headline gb-headline-cb073d5c gb-headline-text\">Un viaje, por m\u00e1s seguro y lujoso que sea, tambi\u00e9n debe cumplir con los requisitos log\u00edsticos del cliente. Limo Services Miami se destaca por la programaci\u00f3n y el trazado de rutas que brindan total confianza en que nuestros clientes llegar\u00e1n a tiempo.<\/p>\n\n\n\n<p class=\"gb-headline gb-headline-b608c071 gb-headline-text\">Aprovechamos las \u00faltimas tecnolog\u00edas de datos inal\u00e1mbricos para asegurarnos de que esto sea as\u00ed. Junto con el profundo conocimiento local de nuestro personal sobre las condiciones de las carreteras de la zona, la tecnolog\u00eda de vanguardia nos permite borrar todos los signos de interrogaci\u00f3n. Lo \u00faltimo de lo que deben preocuparse nuestros clientes es de cumplir con los plazos.<\/p>\n\n\n\n<a class=\"gb-button gb-button-3c56f850 gb-button-text\" href=\"\/es\/reservations\/#book-now\">RESERVAR AHORA<\/a>\n\n<\/div><\/div>\n\n<div class=\"gb-grid-column gb-grid-column-0fcae593\"><div class=\"gb-container gb-container-0fcae593\">\n\n<h2 class=\"gb-headline gb-headline-34b16d9d gb-headline-text\"><strong>La perfecci\u00f3n es nuestra promesa<\/strong><\/h2>\n\n\n\n<p class=\"gb-headline gb-headline-b2a59363 gb-headline-text\">En resumen, eso es lo que ofrece Limo Services Miami: seguridad, confiabilidad y lujo. \u00bfCu\u00e1l de estos aspectos es m\u00e1s importante? Todos los anteriores.<\/p>\n\n\n\n<p class=\"gb-headline gb-headline-267d830d gb-headline-text\">Eso es lo que queremos decir cuando hablamos de \u201csin concesiones\u201d. Consideramos que cada interacci\u00f3n con cada cliente es un evento de vital importancia para nuestra misi\u00f3n. Para nosotros, nuestros clientes son las personas m\u00e1s importantes del mundo.<\/p>\n\n\n\n<p class=\"gb-headline gb-headline-0b050bf0 gb-headline-text\">Nuestros servicios de reservas, facturaci\u00f3n y asesoramiento se gestionan con los mismos est\u00e1ndares que los viajes que ofrecemos. Llevamos a los clientes a su destino sin problemas y con la m\u00e1xima comodidad, las 24 horas del d\u00eda, todos los d\u00edas del a\u00f1o.<\/p>\n\n\n\n<a class=\"gb-button gb-button-afb6d05e gb-button-text\" href=\"\/es\/reservations\/#book-now\">RESERVAR AHORA<\/a>\n\n<\/div><\/div>\n<\/div>\n<\/div>\n<\/div>\n\n<div class=\"gb-container gb-container-d618406e\">\n<div class=\"gb-container gb-container-f6d9757c\">\n<div class=\"gb-grid-wrapper gb-grid-wrapper-d4b1e800\">\n<div class=\"gb-grid-column gb-grid-column-a8bef56f\"><div class=\"gb-container gb-container-a8bef56f\">\n\n<h2 class=\"gb-headline gb-headline-7da85a75 gb-headline-text\">Miami, el sur de Florida y m\u00e1s all\u00e1<\/h2>\n\n\n\n<p class=\"gb-headline gb-headline-54911560 gb-headline-text\">Encuentre un autom\u00f3vil en Miami, Fort Lauderdale, West Palm Beach, los Cayos de Florida y ciudades de todo Estados Unidos.<\/p>\n\n\n<div class=\"gb-container gb-container-b7eae40b\">\n\n<a class=\"gb-button gb-button-da9738d2 gb-button-text\" href=\"\/es\/reservations\/#book-now\">RESERVAR AHORA<\/a>\n\n\n\n<a class=\"gb-button gb-button-ef44015f gb-button-text\" href=\"tel:8777433229\">LLAMAR PARA RESERVAR<\/a>\n\n<\/div>\n<\/div><\/div>\n\n<div class=\"gb-grid-column gb-grid-column-e8dafa35\"><div class=\"gb-container gb-container-e8dafa35\">\n<div class=\"gb-container gb-container-337497e8\">\n\n<figure class=\"gb-block-image gb-block-image-66156179\"><img loading=\"lazy\" decoding=\"async\" width=\"1200\" height=\"669\" class=\"gb-image gb-image-66156179 shadowed\" src=\"https:\/\/limoservicesmiami.com\/wp-content\/uploads\/2024\/08\/lsm-map-new.webp\" alt=\"\" title=\"lsm-map-nuevo\" srcset=\"https:\/\/limoservicesmiami.com\/wp-content\/uploads\/2024\/08\/lsm-map-new.webp 1200w, https:\/\/limoservicesmiami.com\/wp-content\/uploads\/2024\/08\/lsm-map-new-300x167.webp 300w, https:\/\/limoservicesmiami.com\/wp-content\/uploads\/2024\/08\/lsm-map-new-1024x571.webp 1024w, https:\/\/limoservicesmiami.com\/wp-content\/uploads\/2024\/08\/lsm-map-new-768x428.webp 768w\" sizes=\"auto, (max-width: 1200px) 100vw, 1200px\" \/><\/figure>\n\n<\/div>\n<\/div><\/div>\n<\/div>\n<\/div>\n<\/div>","protected":false},"excerpt":{"rendered":"<p>Acerca de nosotros Acerca de nosotros Profesionalismo de primera clase, comodidad inigualable. Bienvenido a Limo Services Miami Brindamos seguridad, confiabilidad y lujo sin concesiones en cada viaje.<\/p>","protected":false},"author":2,"featured_media":0,"parent":0,"menu_order":0,"comment_status":"closed","ping_status":"closed","template":"","meta":{"footnotes":""},"class_list":["post-20","page","type-page","status-publish"],"yoast_head":"<!-- This site is optimized with the Yoast SEO plugin v27.3 - https:\/\/yoast.com\/product\/yoast-seo-wordpress\/ -->\n<title>About Us - Limo Services Miami<\/title>\n<meta name=\"robots\" content=\"index, follow, max-snippet:-1, max-image-preview:large, max-video-preview:-1\" \/>\n<link rel=\"canonical\" href=\"https:\/\/limoservicesmiami.com\/es\/about-us\/\" \/>\n<meta property=\"og:locale\" content=\"es_MX\" \/>\n<meta property=\"og:type\" content=\"article\" \/>\n<meta property=\"og:title\" content=\"About Us - Limo Services Miami\" \/>\n<meta property=\"og:description\" content=\"About Us About Us World-class professionalism, unequaled comfort. Welcome To Limo Services Miami We provide uncompromising safety, reliability and luxury on every trip.\" \/>\n<meta property=\"og:url\" content=\"https:\/\/limoservicesmiami.com\/es\/about-us\/\" \/>\n<meta property=\"og:site_name\" content=\"Limo Services Miami\" \/>\n<meta property=\"article:modified_time\" content=\"2024-09-27T19:13:05+00:00\" \/>\n<meta name=\"twitter:card\" content=\"summary_large_image\" \/>\n<meta name=\"twitter:label1\" content=\"Tiempo de lectura\" \/>\n\t<meta name=\"twitter:data1\" content=\"3 minutos\" \/>\n<script type=\"application\/ld+json\" class=\"yoast-schema-graph\">{\"@context\":\"https:\\\/\\\/schema.org\",\"@graph\":[{\"@type\":\"WebPage\",\"@id\":\"https:\\\/\\\/limoservicesmiami.com\\\/about-us\\\/\",\"url\":\"https:\\\/\\\/limoservicesmiami.com\\\/about-us\\\/\",\"name\":\"About Us - Limo Services Miami\",\"isPartOf\":{\"@id\":\"https:\\\/\\\/limoservicesmiami.com\\\/#website\"},\"datePublished\":\"2024-05-03T16:53:03+00:00\",\"dateModified\":\"2024-09-27T19:13:05+00:00\",\"breadcrumb\":{\"@id\":\"https:\\\/\\\/limoservicesmiami.com\\\/about-us\\\/#breadcrumb\"},\"inLanguage\":\"es\",\"potentialAction\":[{\"@type\":\"ReadAction\",\"target\":[\"https:\\\/\\\/limoservicesmiami.com\\\/about-us\\\/\"]}]},{\"@type\":\"BreadcrumbList\",\"@id\":\"https:\\\/\\\/limoservicesmiami.com\\\/about-us\\\/#breadcrumb\",\"itemListElement\":[{\"@type\":\"ListItem\",\"position\":1,\"name\":\"Home\",\"item\":\"https:\\\/\\\/limoservicesmiami.com\\\/\"},{\"@type\":\"ListItem\",\"position\":2,\"name\":\"About Us\"}]},{\"@type\":\"WebSite\",\"@id\":\"https:\\\/\\\/limoservicesmiami.com\\\/#website\",\"url\":\"https:\\\/\\\/limoservicesmiami.com\\\/\",\"name\":\"Limo Services Miami\",\"description\":\"\",\"publisher\":{\"@id\":\"https:\\\/\\\/limoservicesmiami.com\\\/#organization\"},\"potentialAction\":[{\"@type\":\"SearchAction\",\"target\":{\"@type\":\"EntryPoint\",\"urlTemplate\":\"https:\\\/\\\/limoservicesmiami.com\\\/?s={search_term_string}\"},\"query-input\":{\"@type\":\"PropertyValueSpecification\",\"valueRequired\":true,\"valueName\":\"search_term_string\"}}],\"inLanguage\":\"es\"},{\"@type\":\"Organization\",\"@id\":\"https:\\\/\\\/limoservicesmiami.com\\\/#organization\",\"name\":\"Limo Services Miami\",\"url\":\"https:\\\/\\\/limoservicesmiami.com\\\/\",\"logo\":{\"@type\":\"ImageObject\",\"inLanguage\":\"es\",\"@id\":\"https:\\\/\\\/limoservicesmiami.com\\\/#\\\/schema\\\/logo\\\/image\\\/\",\"url\":\"https:\\\/\\\/limoservicesmiami.com\\\/wp-content\\\/uploads\\\/2024\\\/06\\\/limo-services-miami-logo-square.webp\",\"contentUrl\":\"https:\\\/\\\/limoservicesmiami.com\\\/wp-content\\\/uploads\\\/2024\\\/06\\\/limo-services-miami-logo-square.webp\",\"width\":512,\"height\":512,\"caption\":\"Limo Services Miami\"},\"image\":{\"@id\":\"https:\\\/\\\/limoservicesmiami.com\\\/#\\\/schema\\\/logo\\\/image\\\/\"}}]}<\/script>\n<!-- \/ Yoast SEO plugin. -->","yoast_head_json":{"title":"Sobre nosotros - Servicios de limusina en Miami","robots":{"index":"index","follow":"follow","max-snippet":"max-snippet:-1","max-image-preview":"max-image-preview:large","max-video-preview":"max-video-preview:-1"},"canonical":"https:\/\/limoservicesmiami.com\/es\/about-us\/","og_locale":"es_MX","og_type":"article","og_title":"About Us - Limo Services Miami","og_description":"About Us About Us World-class professionalism, unequaled comfort. Welcome To Limo Services Miami We provide uncompromising safety, reliability and luxury on every trip.","og_url":"https:\/\/limoservicesmiami.com\/es\/about-us\/","og_site_name":"Limo Services Miami","article_modified_time":"2024-09-27T19:13:05+00:00","twitter_card":"summary_large_image","twitter_misc":{"Tiempo de lectura":"3 minutos"},"schema":{"@context":"https:\/\/schema.org","@graph":[{"@type":"WebPage","@id":"https:\/\/limoservicesmiami.com\/about-us\/","url":"https:\/\/limoservicesmiami.com\/about-us\/","name":"Sobre nosotros - Servicios de limusina en Miami","isPartOf":{"@id":"https:\/\/limoservicesmiami.com\/#website"},"datePublished":"2024-05-03T16:53:03+00:00","dateModified":"2024-09-27T19:13:05+00:00","breadcrumb":{"@id":"https:\/\/limoservicesmiami.com\/about-us\/#breadcrumb"},"inLanguage":"es","potentialAction":[{"@type":"ReadAction","target":["https:\/\/limoservicesmiami.com\/about-us\/"]}]},{"@type":"BreadcrumbList","@id":"https:\/\/limoservicesmiami.com\/about-us\/#breadcrumb","itemListElement":[{"@type":"ListItem","position":1,"name":"Home","item":"https:\/\/limoservicesmiami.com\/"},{"@type":"ListItem","position":2,"name":"About Us"}]},{"@type":"WebSite","@id":"https:\/\/limoservicesmiami.com\/#website","url":"https:\/\/limoservicesmiami.com\/","name":"Servicios de limusina en Miami","description":"","publisher":{"@id":"https:\/\/limoservicesmiami.com\/#organization"},"potentialAction":[{"@type":"SearchAction","target":{"@type":"EntryPoint","urlTemplate":"https:\/\/limoservicesmiami.com\/?s={search_term_string}"},"query-input":{"@type":"PropertyValueSpecification","valueRequired":true,"valueName":"search_term_string"}}],"inLanguage":"es"},{"@type":"Organization","@id":"https:\/\/limoservicesmiami.com\/#organization","name":"Servicios de limusina en Miami","url":"https:\/\/limoservicesmiami.com\/","logo":{"@type":"ImageObject","inLanguage":"es","@id":"https:\/\/limoservicesmiami.com\/#\/schema\/logo\/image\/","url":"https:\/\/limoservicesmiami.com\/wp-content\/uploads\/2024\/06\/limo-services-miami-logo-square.webp","contentUrl":"https:\/\/limoservicesmiami.com\/wp-content\/uploads\/2024\/06\/limo-services-miami-logo-square.webp","width":512,"height":512,"caption":"Limo Services Miami"},"image":{"@id":"https:\/\/limoservicesmiami.com\/#\/schema\/logo\/image\/"}}]}},"_links":{"self":[{"href":"https:\/\/limoservicesmiami.com\/es\/wp-json\/wp\/v2\/pages\/20","targetHints":{"allow":["GET"]}}],"collection":[{"href":"https:\/\/limoservicesmiami.com\/es\/wp-json\/wp\/v2\/pages"}],"about":[{"href":"https:\/\/limoservicesmiami.com\/es\/wp-json\/wp\/v2\/types\/page"}],"author":[{"embeddable":true,"href":"https:\/\/limoservicesmiami.com\/es\/wp-json\/wp\/v2\/users\/2"}],"replies":[{"embeddable":true,"href":"https:\/\/limoservicesmiami.com\/es\/wp-json\/wp\/v2\/comments?post=20"}],"version-history":[{"count":10,"href":"https:\/\/limoservicesmiami.com\/es\/wp-json\/wp\/v2\/pages\/20\/revisions"}],"predecessor-version":[{"id":4404,"href":"https:\/\/limoservicesmiami.com\/es\/wp-json\/wp\/v2\/pages\/20\/revisions\/4404"}],"wp:attachment":[{"href":"https:\/\/limoservicesmiami.com\/es\/wp-json\/wp\/v2\/media?parent=20"}],"curies":[{"name":"gracias","href":"https:\/\/api.w.org\/{rel}","templated":true}]}}