{"id":16,"date":"2024-05-03T16:52:44","date_gmt":"2024-05-03T16:52:44","guid":{"rendered":"https:\/\/limoservicesmiami.com\/?page_id=16"},"modified":"2024-09-27T19:16:46","modified_gmt":"2024-09-27T19:16:46","slug":"services","status":"publish","type":"page","link":"https:\/\/limoservicesmiami.com\/es\/services\/","title":{"rendered":"Servicios"},"content":{"rendered":"<div class=\"gb-container gb-container-6cdd0407 alignfull\">\n\n<video loop muted autoplay playsinline poster=\"\" class=\"background-video timelapse-night\">\n    <source src=\"\/wp-content\/uploads\/2024\/06\/miami-timelapse-night.mp4\" type=\"video\/mp4\">\n    <source src=\"\/wp-content\/uploads\/2024\/06\/miami-timelapse-night.mp4\" type=\"video\/webm\"> \n    <source src=\"\/wp-content\/uploads\/2024\/06\/miami-timelapse-night.mp4\" type=\"video\/ogv\">\n<\/video>\n\n\n<div class=\"gb-container gb-container-61f04905 background-video-content\">\n\n<h2 class=\"gb-headline gb-headline-ed301297 gb-headline-text\">Nuestros servicios<\/h2>\n\n\n<div class=\"gb-container gb-container-3637121d\">\n\n<a class=\"gb-button gb-button-cc418c4c gb-button-text\" href=\"\/es\/reservations\/#book-now\">RESERVAR AHORA<\/a>\n\n\n\n<a class=\"gb-button gb-button-30e642fc gb-button-text\" href=\"tel:8777433229\">LLAMAR PARA RESERVAR<\/a>\n\n<\/div>\n<\/div>\n<\/div>\n\n<div class=\"gb-container gb-container-e3866783\">\n<div class=\"gb-container gb-container-cb27fc04\">\n\n<h2 class=\"gb-headline gb-headline-1c9df5c3 gb-headline-text\">Nuestros servicios<\/h2>\n\n\n\n<p class=\"gb-headline gb-headline-52671910 gb-headline-text\">Ofrecemos transporte sin dramas con una comodidad inigualable.<\/p>\n\n\n<div class=\"gb-container gb-container-4e3e0eb5\">\n\n<a class=\"gb-button gb-button-c8fe06b5 gb-button-text\" href=\"\/es\/reservations\/\">RESERVAR AHORA<\/a>\n\n\n\n<a class=\"gb-button gb-button-328559d0 gb-button-text\" href=\"tel:8777433229\">LLAMAR PARA RESERVAR<\/a>\n\n<\/div>\n<\/div>\n<\/div>\n\n<div class=\"gb-container gb-container-f386d8dc\">\n<div class=\"gb-container gb-container-9ef06189\">\n\n<h2 class=\"gb-headline gb-headline-ec6f185c gb-headline-text\">Qu\u00e9 hacemos<\/h2>\n\n\n\n<h2 class=\"gb-headline gb-headline-afa2c899 gb-headline-text\">Limo Services Miami ofrece el espectro completo de servicios de transporte terrestre de lujo.<\/h2>\n\n<\/div>\n<\/div>\n\n<div class=\"gb-container gb-container-5ee3282f\" id=\"our-services\">\n<div class=\"gb-container gb-container-778d58f1\">\n<div class=\"gb-grid-wrapper gb-grid-wrapper-f6b794e1\">\n<div class=\"gb-grid-column gb-grid-column-f8b7b12e\"><div class=\"gb-container gb-container-f8b7b12e\">\n\n<h2 class=\"gb-headline gb-headline-1050796b gb-headline-text\"><strong>Traslados al aeropuerto<\/strong><\/h2>\n\n\n\n<p class=\"gb-headline gb-headline-336b0121 gb-headline-text\">Contamos con permisos de operaci\u00f3n para todos los principales aeropuertos del sur de Florida, incluyendo: servicio 24\/7.<\/p>\n\n\n\n<p class=\"gb-headline gb-headline-109dac53\"><span class=\"gb-icon\"><svg aria-hidden=\"true\" role=\"img\" height=\"1em\" width=\"1em\" viewbox=\"0 0 512 512\" xmlns=\"http:\/\/www.w3.org\/2000\/svg\"><path fill=\"currentColor\" d=\"M256 8C119 8 8 119 8 256s111 248 248 248 248-111 248-248S393 8 256 8z\"><\/path><\/svg><\/span><span class=\"gb-headline-text\">Aeropuerto Internacional de Miami<\/span><\/p>\n\n\n\n<p class=\"gb-headline gb-headline-6d828bf4\"><span class=\"gb-icon\"><svg aria-hidden=\"true\" role=\"img\" height=\"1em\" width=\"1em\" viewbox=\"0 0 512 512\" xmlns=\"http:\/\/www.w3.org\/2000\/svg\"><path fill=\"currentColor\" d=\"M256 8C119 8 8 119 8 256s111 248 248 248 248-111 248-248S393 8 256 8z\"><\/path><\/svg><\/span><span class=\"gb-headline-text\">Fort Lauderdale \u2013 Hollywood Internacional<\/span><\/p>\n\n\n\n<p class=\"gb-headline gb-headline-fcbc1205\"><span class=\"gb-icon\"><svg aria-hidden=\"true\" role=\"img\" height=\"1em\" width=\"1em\" viewbox=\"0 0 512 512\" xmlns=\"http:\/\/www.w3.org\/2000\/svg\"><path fill=\"currentColor\" d=\"M256 8C119 8 8 119 8 256s111 248 248 248 248-111 248-248S393 8 256 8z\"><\/path><\/svg><\/span><span class=\"gb-headline-text\">Aeropuerto Internacional de Palm Beach<\/span><\/p>\n\n\n\n<p class=\"gb-headline gb-headline-504ddac2 gb-headline-text\">Transportamos a nuestros clientes entre estos aeropuertos y lugares de toda la regi\u00f3n. Ning\u00fan viaje es demasiado corto o demasiado largo. Y estamos a su servicio las 24 horas, los 7 d\u00edas de la semana.<\/p>\n\n\n\n<a class=\"gb-button gb-button-e839a6fb gb-button-text\" href=\"\/es\/reservations\/\">RESERVAR AHORA<\/a>\n\n<\/div><\/div>\n\n<div class=\"gb-grid-column gb-grid-column-d46a7613\"><div class=\"gb-container gb-container-d46a7613\">\n\n<h2 class=\"gb-headline gb-headline-f43b2dc8 gb-headline-text\"><strong>Bodas<\/strong><\/h2>\n\n\n\n<p class=\"gb-headline gb-headline-7a2cd288 gb-headline-text\">Una boda es uno de los momentos m\u00e1s importantes de la vida y nuestro servicio de limusina para bodas refleja la importancia del evento. Extendemos la alfombra roja para las novias, los novios, las familias y los invitados. Nuestra confiabilidad inigualable garantiza que no habr\u00e1 esperas inc\u00f3modas para que los recojan ni llegadas tard\u00edas a los destinos.<br><br>Las parejas que quieran decorar su limusina con temas nupciales encontrar\u00e1n en nosotros un socio entusiasta y h\u00e1bil. \u00bfLa guinda del pastel? Nuestros choferes y personal conocen los mejores lugares de la zona para tomar fotograf\u00edas.<\/p>\n\n\n\n<a class=\"gb-button gb-button-996cde2d gb-button-text\" href=\"\/es\/reservations\/\">RESERVAR AHORA<\/a>\n\n<\/div><\/div>\n\n<div class=\"gb-grid-column gb-grid-column-b14a186d\"><div class=\"gb-container gb-container-b14a186d\">\n\n<h2 class=\"gb-headline gb-headline-f0aa4452 gb-headline-text\"><strong>Bailes de graduaci\u00f3n<\/strong><\/h2>\n\n\n\n<p class=\"gb-headline gb-headline-cb073d5c gb-headline-text\">La noche del baile de graduaci\u00f3n es un evento \u00fanico en la vida. El transporte en limusina se ha convertido en una verdadera tradici\u00f3n estadounidense para los asistentes al baile de graduaci\u00f3n. Despu\u00e9s de todo, nada dice &quot;noche especial&quot; como llegar en una elegante y elegante limusina con chofer. Limo Services Miami ha prestado servicios a familias de todo el sur de Florida en la noche del baile de graduaci\u00f3n, por lo que sabemos c\u00f3mo brindar esa experiencia \u00fanica para los estudiantes.<\/p>\n\n\n\n<p class=\"gb-headline gb-headline-b608c071 gb-headline-text\">Los padres pueden estar seguros de que sus nuevos graduados est\u00e1n en las mejores manos. Los llevaremos a casa sanos y salvos. Adaptaremos el servicio de limusina para el baile de graduaci\u00f3n a las especificaciones de cada cliente, a precios sorprendentemente asequibles.<\/p>\n\n\n\n<a class=\"gb-button gb-button-3c56f850 gb-button-text\" href=\"\/es\/reservations\/\">RESERVAR AHORA<\/a>\n\n<\/div><\/div>\n\n<div class=\"gb-grid-column gb-grid-column-0fcae593\"><div class=\"gb-container gb-container-0fcae593\">\n\n<h2 class=\"gb-headline gb-headline-34b16d9d gb-headline-text\"><strong>Servicio de limusina Freestyle seg\u00fan las instrucciones<\/strong><\/h2>\n\n\n\n<p class=\"gb-headline gb-headline-b2a59363 gb-headline-text\">\u00bfEst\u00e1s pensando en moverte por la ciudad seg\u00fan te apetezca? \u00bfVas a hacer un marat\u00f3n de compras por un mont\u00f3n de tiendas? O tal vez tengas un programa con varias paradas. Por ejemplo, para hacer turismo. A veces, despu\u00e9s de todo, la vida es algo m\u00e1s que ir en coche del punto A al punto B.<\/p>\n\n\n\n<p class=\"gb-headline gb-headline-267d830d gb-headline-text\">\u00a1Genial! El servicio por horas de Limo Services Miami est\u00e1 a tu disposici\u00f3n. Nuestro auto y conductor son tuyos por una hora, una tarde, un d\u00eda o por el tiempo que desees. Ve a donde quieras, cuando quieras. Tu viaje de lujo est\u00e1 a tu entera disposici\u00f3n.<\/p>\n\n\n\n<a class=\"gb-button gb-button-afb6d05e gb-button-text\" href=\"\/es\/reservations\/\">RESERVAR AHORA<\/a>\n\n<\/div><\/div>\n<\/div>\n<\/div>\n<\/div>\n\n<div class=\"gb-container gb-container-d618406e\">\n<div class=\"gb-container gb-container-f6d9757c\">\n<div class=\"gb-grid-wrapper gb-grid-wrapper-d4b1e800\">\n<div class=\"gb-grid-column gb-grid-column-a8bef56f\"><div class=\"gb-container gb-container-a8bef56f\">\n\n<h2 class=\"gb-headline gb-headline-7da85a75 gb-headline-text\">Miami, el sur de Florida y m\u00e1s all\u00e1<\/h2>\n\n\n\n<p class=\"gb-headline gb-headline-54911560 gb-headline-text\">Encuentre un autom\u00f3vil en Miami, Fort Lauderdale, West Palm Beach, los Cayos de Florida y ciudades de todo Estados Unidos.<\/p>\n\n\n<div class=\"gb-container gb-container-b7eae40b\">\n\n<a class=\"gb-button gb-button-da9738d2 gb-button-text\" href=\"\/es\/reservations\/#book-now\">RESERVAR AHORA<\/a>\n\n\n\n<a class=\"gb-button gb-button-ef44015f gb-button-text\" href=\"tel:8777433229\">LLAMAR PARA RESERVAR<\/a>\n\n<\/div>\n<\/div><\/div>\n\n<div class=\"gb-grid-column gb-grid-column-e8dafa35\"><div class=\"gb-container gb-container-e8dafa35\">\n<div class=\"gb-container gb-container-337497e8\">\n\n<figure class=\"gb-block-image gb-block-image-66156179\"><img loading=\"lazy\" decoding=\"async\" width=\"1200\" height=\"669\" class=\"gb-image gb-image-66156179 shadowed\" src=\"https:\/\/limoservicesmiami.com\/wp-content\/uploads\/2024\/08\/lsm-map-new.webp\" alt=\"\" title=\"lsm-map-nuevo\" srcset=\"https:\/\/limoservicesmiami.com\/wp-content\/uploads\/2024\/08\/lsm-map-new.webp 1200w, https:\/\/limoservicesmiami.com\/wp-content\/uploads\/2024\/08\/lsm-map-new-300x167.webp 300w, https:\/\/limoservicesmiami.com\/wp-content\/uploads\/2024\/08\/lsm-map-new-1024x571.webp 1024w, https:\/\/limoservicesmiami.com\/wp-content\/uploads\/2024\/08\/lsm-map-new-768x428.webp 768w\" sizes=\"auto, (max-width: 1200px) 100vw, 1200px\" \/><\/figure>\n\n<\/div>\n<\/div><\/div>\n<\/div>\n<\/div>\n<\/div>","protected":false},"excerpt":{"rendered":"<p>Nuestros servicios Nuestros servicios Ofrecemos transporte sin complicaciones con una comodidad inigualable. Qu\u00e9 hacemos Limo Services Miami ofrece el espectro completo de servicios de transporte terrestre de lujo.<\/p>","protected":false},"author":2,"featured_media":0,"parent":0,"menu_order":0,"comment_status":"closed","ping_status":"closed","template":"","meta":{"footnotes":""},"class_list":["post-16","page","type-page","status-publish"],"yoast_head":"<!-- This site is optimized with the Yoast SEO plugin v27.4 - https:\/\/yoast.com\/product\/yoast-seo-wordpress\/ -->\n<title>Services - Limo Services Miami<\/title>\n<meta name=\"robots\" content=\"index, follow, max-snippet:-1, max-image-preview:large, max-video-preview:-1\" \/>\n<link rel=\"canonical\" href=\"https:\/\/limoservicesmiami.com\/es\/services\/\" \/>\n<meta property=\"og:locale\" content=\"es_MX\" \/>\n<meta property=\"og:type\" content=\"article\" \/>\n<meta property=\"og:title\" content=\"Services - Limo Services Miami\" \/>\n<meta property=\"og:description\" content=\"Our Services Our Services We provide drama-free transport in unequaled comfort. What We Do Limo Services Miami offers the full spectrum of luxury ground transportation services.\" \/>\n<meta property=\"og:url\" content=\"https:\/\/limoservicesmiami.com\/es\/services\/\" \/>\n<meta property=\"og:site_name\" content=\"Limo Services Miami\" \/>\n<meta property=\"article:modified_time\" content=\"2024-09-27T19:16:46+00:00\" \/>\n<meta name=\"twitter:card\" content=\"summary_large_image\" \/>\n<meta name=\"twitter:label1\" content=\"Tiempo de lectura\" \/>\n\t<meta name=\"twitter:data1\" content=\"4 minutos\" \/>\n<script type=\"application\/ld+json\" class=\"yoast-schema-graph\">{\"@context\":\"https:\\\/\\\/schema.org\",\"@graph\":[{\"@type\":\"WebPage\",\"@id\":\"https:\\\/\\\/limoservicesmiami.com\\\/services\\\/\",\"url\":\"https:\\\/\\\/limoservicesmiami.com\\\/services\\\/\",\"name\":\"Services - Limo Services Miami\",\"isPartOf\":{\"@id\":\"https:\\\/\\\/limoservicesmiami.com\\\/#website\"},\"datePublished\":\"2024-05-03T16:52:44+00:00\",\"dateModified\":\"2024-09-27T19:16:46+00:00\",\"breadcrumb\":{\"@id\":\"https:\\\/\\\/limoservicesmiami.com\\\/services\\\/#breadcrumb\"},\"inLanguage\":\"es\",\"potentialAction\":[{\"@type\":\"ReadAction\",\"target\":[\"https:\\\/\\\/limoservicesmiami.com\\\/services\\\/\"]}]},{\"@type\":\"BreadcrumbList\",\"@id\":\"https:\\\/\\\/limoservicesmiami.com\\\/services\\\/#breadcrumb\",\"itemListElement\":[{\"@type\":\"ListItem\",\"position\":1,\"name\":\"Home\",\"item\":\"https:\\\/\\\/limoservicesmiami.com\\\/\"},{\"@type\":\"ListItem\",\"position\":2,\"name\":\"Services\"}]},{\"@type\":\"WebSite\",\"@id\":\"https:\\\/\\\/limoservicesmiami.com\\\/#website\",\"url\":\"https:\\\/\\\/limoservicesmiami.com\\\/\",\"name\":\"Limo Services Miami\",\"description\":\"\",\"publisher\":{\"@id\":\"https:\\\/\\\/limoservicesmiami.com\\\/#organization\"},\"potentialAction\":[{\"@type\":\"SearchAction\",\"target\":{\"@type\":\"EntryPoint\",\"urlTemplate\":\"https:\\\/\\\/limoservicesmiami.com\\\/?s={search_term_string}\"},\"query-input\":{\"@type\":\"PropertyValueSpecification\",\"valueRequired\":true,\"valueName\":\"search_term_string\"}}],\"inLanguage\":\"es\"},{\"@type\":\"Organization\",\"@id\":\"https:\\\/\\\/limoservicesmiami.com\\\/#organization\",\"name\":\"Limo Services Miami\",\"url\":\"https:\\\/\\\/limoservicesmiami.com\\\/\",\"logo\":{\"@type\":\"ImageObject\",\"inLanguage\":\"es\",\"@id\":\"https:\\\/\\\/limoservicesmiami.com\\\/#\\\/schema\\\/logo\\\/image\\\/\",\"url\":\"https:\\\/\\\/limoservicesmiami.com\\\/wp-content\\\/uploads\\\/2024\\\/06\\\/limo-services-miami-logo-square.webp\",\"contentUrl\":\"https:\\\/\\\/limoservicesmiami.com\\\/wp-content\\\/uploads\\\/2024\\\/06\\\/limo-services-miami-logo-square.webp\",\"width\":512,\"height\":512,\"caption\":\"Limo Services Miami\"},\"image\":{\"@id\":\"https:\\\/\\\/limoservicesmiami.com\\\/#\\\/schema\\\/logo\\\/image\\\/\"}}]}<\/script>\n<!-- \/ Yoast SEO plugin. -->","yoast_head_json":{"title":"Servicios - Servicios de limusina en Miami","robots":{"index":"index","follow":"follow","max-snippet":"max-snippet:-1","max-image-preview":"max-image-preview:large","max-video-preview":"max-video-preview:-1"},"canonical":"https:\/\/limoservicesmiami.com\/es\/services\/","og_locale":"es_MX","og_type":"article","og_title":"Services - Limo Services Miami","og_description":"Our Services Our Services We provide drama-free transport in unequaled comfort. What We Do Limo Services Miami offers the full spectrum of luxury ground transportation services.","og_url":"https:\/\/limoservicesmiami.com\/es\/services\/","og_site_name":"Limo Services Miami","article_modified_time":"2024-09-27T19:16:46+00:00","twitter_card":"summary_large_image","twitter_misc":{"Tiempo de lectura":"4 minutos"},"schema":{"@context":"https:\/\/schema.org","@graph":[{"@type":"WebPage","@id":"https:\/\/limoservicesmiami.com\/services\/","url":"https:\/\/limoservicesmiami.com\/services\/","name":"Servicios - Servicios de limusina en Miami","isPartOf":{"@id":"https:\/\/limoservicesmiami.com\/#website"},"datePublished":"2024-05-03T16:52:44+00:00","dateModified":"2024-09-27T19:16:46+00:00","breadcrumb":{"@id":"https:\/\/limoservicesmiami.com\/services\/#breadcrumb"},"inLanguage":"es","potentialAction":[{"@type":"ReadAction","target":["https:\/\/limoservicesmiami.com\/services\/"]}]},{"@type":"BreadcrumbList","@id":"https:\/\/limoservicesmiami.com\/services\/#breadcrumb","itemListElement":[{"@type":"ListItem","position":1,"name":"Home","item":"https:\/\/limoservicesmiami.com\/"},{"@type":"ListItem","position":2,"name":"Services"}]},{"@type":"WebSite","@id":"https:\/\/limoservicesmiami.com\/#website","url":"https:\/\/limoservicesmiami.com\/","name":"Servicios de limusina en Miami","description":"","publisher":{"@id":"https:\/\/limoservicesmiami.com\/#organization"},"potentialAction":[{"@type":"SearchAction","target":{"@type":"EntryPoint","urlTemplate":"https:\/\/limoservicesmiami.com\/?s={search_term_string}"},"query-input":{"@type":"PropertyValueSpecification","valueRequired":true,"valueName":"search_term_string"}}],"inLanguage":"es"},{"@type":"Organization","@id":"https:\/\/limoservicesmiami.com\/#organization","name":"Servicios de limusina en Miami","url":"https:\/\/limoservicesmiami.com\/","logo":{"@type":"ImageObject","inLanguage":"es","@id":"https:\/\/limoservicesmiami.com\/#\/schema\/logo\/image\/","url":"https:\/\/limoservicesmiami.com\/wp-content\/uploads\/2024\/06\/limo-services-miami-logo-square.webp","contentUrl":"https:\/\/limoservicesmiami.com\/wp-content\/uploads\/2024\/06\/limo-services-miami-logo-square.webp","width":512,"height":512,"caption":"Limo Services Miami"},"image":{"@id":"https:\/\/limoservicesmiami.com\/#\/schema\/logo\/image\/"}}]}},"_links":{"self":[{"href":"https:\/\/limoservicesmiami.com\/es\/wp-json\/wp\/v2\/pages\/16","targetHints":{"allow":["GET"]}}],"collection":[{"href":"https:\/\/limoservicesmiami.com\/es\/wp-json\/wp\/v2\/pages"}],"about":[{"href":"https:\/\/limoservicesmiami.com\/es\/wp-json\/wp\/v2\/types\/page"}],"author":[{"embeddable":true,"href":"https:\/\/limoservicesmiami.com\/es\/wp-json\/wp\/v2\/users\/2"}],"replies":[{"embeddable":true,"href":"https:\/\/limoservicesmiami.com\/es\/wp-json\/wp\/v2\/comments?post=16"}],"version-history":[{"count":11,"href":"https:\/\/limoservicesmiami.com\/es\/wp-json\/wp\/v2\/pages\/16\/revisions"}],"predecessor-version":[{"id":4420,"href":"https:\/\/limoservicesmiami.com\/es\/wp-json\/wp\/v2\/pages\/16\/revisions\/4420"}],"wp:attachment":[{"href":"https:\/\/limoservicesmiami.com\/es\/wp-json\/wp\/v2\/media?parent=16"}],"curies":[{"name":"gracias","href":"https:\/\/api.w.org\/{rel}","templated":true}]}}